{"id":905,"date":"2015-05-13T17:35:28","date_gmt":"2015-05-13T09:35:28","guid":{"rendered":"http:\/\/bluestardive.com\/?page_id=905"},"modified":"2015-10-08T06:39:06","modified_gmt":"2015-10-07T22:39:06","slug":"tauchen-bohol","status":"publish","type":"page","link":"https:\/\/bluestardive.com\/de\/","title":{"rendered":"Resorts auf Bohol"},"content":{"rendered":"<div class=\"wpb-content-wrapper\">[vc_row][vc_column width=&#8220;1\/1&#8243;][vc_column_text]\n<h2><strong><span style=\"color: #000080;\">Die deutsche \u00dcbersetzung ist noch in Bearbeitung. In ein paar Tagen sollte die Arbeit jedoch soweit abgeschlossen sein und alle Seiten auch auf Deutsch zur Verf\u00fcgung stehen.<\/span><\/strong><\/h2>\n[\/vc_column_text][\/vc_column][\/vc_row][vc_row][vc_column width=&#8220;2\/3&#8243;][vc_column_text css_animation=&#8220;appear&#8220;]\n<h2 style=\"color: #333; margin-top: 0; font-size: 36px !important;\">Mabuhay im Blue Star Dive and Resort!<\/h2>\n<p>Oder, wie wir sagen w\u00fcrden, \u201eWillkommen im <strong><span style=\"color: #000080;\">Blue Star Dive and Resort<\/span><\/strong>\u201c.<\/p>\n<p><img loading=\"lazy\" decoding=\"async\" class=\"alignleft size-medium wp-image-540\" src=\"https:\/\/bluestardive.com\/wp-content\/uploads\/2015\/04\/jacuzzi-2-300x225.jpg\" alt=\"jacuzzi-2\" width=\"300\" height=\"225\" srcset=\"https:\/\/bluestardive.com\/wp-content\/uploads\/2015\/04\/jacuzzi-2-300x225.jpg 300w, https:\/\/bluestardive.com\/wp-content\/uploads\/2015\/04\/jacuzzi-2.jpg 1024w\" sizes=\"auto, (max-width: 300px) 100vw, 300px\" \/>In der N\u00e4he des wundersch\u00f6nen, freundlichen und <strong><span style=\"color: #000080;\">ruhigen D\u00f6rfchens Anda<\/span><\/strong> gelegen befindet sich eines der <strong><span style=\"color: #000080;\">sch\u00f6nsten Resorts auf Bohol<\/span><\/strong>, das <strong><span style=\"color: #000080;\">Blue Star Dive and Resort<\/span><\/strong>. In der <strong><span style=\"color: #000080;\">2.3 Hektar grossen Anlage<\/span><\/strong>, in der sich (nur) 10 Zimmer befinden, k\u00f6nnen Sie den Alltagsstress hinter sich lassen und <strong><span style=\"color: #000080;\">entspannen<\/span><\/strong>. Bleiben Sie weit weg von den \u00fcberf\u00fcllten Str\u00e4nden und geniessen Sie die Ruhe auf Ihrem <strong><span style=\"color: #000080;\">privaten Balkon<\/span><\/strong> oder trinken Sie gem\u00fctlich einen Cocktail in einem unserer Chill-Bereiche wie z.B. dem <strong><span style=\"color: #000080;\">Jacuzzi mit Meerblick<\/span><\/strong>.<br \/>\nUnser Resort bietet sowohl Zimmer mit Poolblick als auch mit Meerblick an, beide mit eigenem, <strong><span style=\"color: #000080;\">privaten Balkon<\/span><\/strong>, einer Minibar und einem Wasserkocher f\u00fcr Tee und Kaffee.<br \/>\nGeben Sie sich einer <strong><span style=\"color: #000080;\">unvergesslichen Erfahrung<\/span><\/strong> hin die nur Blue Star Dive and Resort bieten kann. <strong><span style=\"color: #000080;\">Worauf warten Sie?<\/span><\/strong>[\/vc_column_text]<div class=\" ubtn-ctn-center \"><a class=\"ubtn-link ult-adjust-bottom-margin ubtn-center ubtn-small \" href=\"http:\/\/www.booking.com\/hotel\/ph\/blue-star-dive-and-resort.html?aid=839803\" target=\"_blank\" rel=\"noopener\" ><button type=\"button\" id=\"ubtn-1561\"  class=\"ubtn ult-adjust-bottom-margin ult-responsive ubtn-small ubtn-fade-bg  ulta-pulse-grow  ubtn-shd  ubtn-center  shd-bottom tooltip-69ecdb56e2ce2\"  data-hover=\"#333333\" data-border-color=\"\" data-bg=\"#000080\" data-hover-bg=\"#9b9b9b\" data-border-hover=\"\" data-shadow-hover=\"0 3px #8e8e8e;\" data-shadow-click=\"\" data-shadow=\"0 5px #939393;\" data-shd-shadow=\"5\"  data-ultimate-target='#ubtn-1561'  data-responsive-json-new='{\"font-size\":\"desktop:17px;\",\"line-height\":\"\"}'  style=\"font-weight:bold;border:none;box-shadow: 0 5px #939393;background: #000080;color: #ffffff;\"><span class=\"ubtn-hover\" style=\"background-color:#9b9b9b\"><\/span><span class=\"ubtn-data ubtn-text \" >Buchen Sie jetzt!<\/span><\/button><\/a><\/div>[\/vc_column][vc_column width=&#8220;1\/3&#8243;][vc_empty_space height=&#8220;80px&#8220;][vc_column_text css_animation=&#8220;appear&#8220;]\n<div style=\"margin-top: 20px; color: #000; text-align: right; font-size: 24px; font-style: italic;\">\u201cDeine wahre Heimat ist im Hier und Jetzt\u201d<\/div>\n<div style=\"text-align: right;\"><span style=\"color: #053c84;\"> &#8211; Th\u00edch Nh\u1ea5t H\u1ea1nh<\/span><\/div>\n[\/vc_column_text][\/vc_column][\/vc_row][vc_row][vc_column width=&#8220;1\/1&#8243;][vc_custom_heading text=&#8220;Unsere Zimmer&#8220; font_container=&#8220;tag:h2|font_size:24|text_align:left|color:%231e73be&#8220; google_fonts=&#8220;font_family:Roboto%3A100%2C100italic%2C300%2C300italic%2Cregular%2Citalic%2C500%2C500italic%2C700%2C700italic%2C900%2C900italic|font_style:500%20bold%20regular%3A500%3Anormal&#8220;][\/vc_column][\/vc_row][vc_row][vc_column width=&#8220;1\/4&#8243;]<div id=\"ts-vcsc-image-hover-6465715\" class=\"ts-image-hover-frame ts-imagefloat-center    ts-trigger-hover-adjust\"  style=\"width: 100%; margin-top: 0px; margin-bottom: 0px;\"><div id=\"ts-vcsc-image-hover-6465715-counter\" class=\"ts-fluid-wrapper \" style=\"width: 100%; height: auto;\"><div style=\"padding-bottom: 25px;\"><div id=\"ts-vcsc-image-hover-6465715-mask\" class=\"ts-imagehover ts-imagehover-static ts-imagehover-style2 ts-trigger-hover \" data-trigger=\"ts-trigger-hover\" data-closer=\"ts-vcsc-image-hover-6465715-closer\" style=\"width: 100%; height: auto; \"><img decoding=\"async\" src=\"https:\/\/bluestardive.com\/wp-content\/uploads\/2015\/04\/cliffhanger-3501.jpg\" data-no-lazy=\"1\" alt=\"cliffhanger-3501\" style=\"width: 100%; height: auto;\"\/><div class=\"mask\" style=\"width: 100%; height: 100%; display: block;\"><h2 class=\"ts-image-hover-title\">Ocean View ``Cliffhanger``<\/h2><div id=\"ts-vcsc-image-hover-6465715-maskcontent\" class=\"maskcontent\">ab Php 5500<\/div><a id=\"ts-vcsc-image-hover-6465715-readmore\" href=\"http:\/\/bluestardive.com\/rooms\/ocean-view-deluxe-cliffhanger\/\" class=\"info ts-image-hover-button\" target=\"_blank\">Weitere Informationen<\/a><\/div><\/div><div class=\"ts-image-hover-handle\" style=\"\"><span class=\"frame_handle_hover\" style=\"background-color: #0094ff\"><i class=\"handle_hover\"><\/i><\/span><\/div><\/div><\/div><\/div>[\/vc_column][vc_column width=&#8220;1\/4&#8243;]<div id=\"ts-vcsc-image-hover-2070681\" class=\"ts-image-hover-frame ts-imagefloat-center    ts-trigger-hover-adjust\"  style=\"width: 100%; margin-top: 0px; margin-bottom: 0px;\"><div id=\"ts-vcsc-image-hover-2070681-counter\" class=\"ts-fluid-wrapper \" style=\"width: 100%; height: auto;\"><div style=\"padding-bottom: 25px;\"><div id=\"ts-vcsc-image-hover-2070681-mask\" class=\"ts-imagehover ts-imagehover-static ts-imagehover-style2 ts-trigger-hover \" data-trigger=\"ts-trigger-hover\" data-closer=\"ts-vcsc-image-hover-2070681-closer\" style=\"width: 100%; height: auto; \"><img decoding=\"async\" src=\"https:\/\/bluestardive.com\/wp-content\/uploads\/2015\/04\/ocean-deluxe-350.jpg\" data-no-lazy=\"1\" alt=\"ocean-deluxe-350\" style=\"width: 100%; height: auto;\"\/><div class=\"mask\" style=\"width: 100%; height: 100%; display: block;\"><h2 class=\"ts-image-hover-title\">Ocean View DeLuxe<\/h2><div id=\"ts-vcsc-image-hover-2070681-maskcontent\" class=\"maskcontent\">ab Php 5500<\/div><a id=\"ts-vcsc-image-hover-2070681-readmore\" href=\"http:\/\/bluestardive.com\/rooms\/ocean-view-deluxe\/\" class=\"info ts-image-hover-button\" target=\"_blank\">Weitere Informationen<\/a><\/div><\/div><div class=\"ts-image-hover-handle\" style=\"\"><span class=\"frame_handle_hover\" style=\"background-color: #0094ff\"><i class=\"handle_hover\"><\/i><\/span><\/div><\/div><\/div><\/div>[\/vc_column][vc_column width=&#8220;1\/4&#8243;]<div id=\"ts-vcsc-image-hover-8446349\" class=\"ts-image-hover-frame ts-imagefloat-center    ts-trigger-hover-adjust\"  style=\"width: 100%; margin-top: 0px; margin-bottom: 0px;\"><div id=\"ts-vcsc-image-hover-8446349-counter\" class=\"ts-fluid-wrapper \" style=\"width: 100%; height: auto;\"><div style=\"padding-bottom: 25px;\"><div id=\"ts-vcsc-image-hover-8446349-mask\" class=\"ts-imagehover ts-imagehover-static ts-imagehover-style2 ts-trigger-hover \" data-trigger=\"ts-trigger-hover\" data-closer=\"ts-vcsc-image-hover-8446349-closer\" style=\"width: 100%; height: auto; \"><img decoding=\"async\" src=\"https:\/\/bluestardive.com\/wp-content\/uploads\/2015\/04\/pool-deluxe-350.jpg\" data-no-lazy=\"1\" alt=\"pool-deluxe-350\" style=\"width: 100%; height: auto;\"\/><div class=\"mask\" style=\"width: 100%; height: 100%; display: block;\"><h2 class=\"ts-image-hover-title\">Pool View DeLuxe<\/h2><div id=\"ts-vcsc-image-hover-8446349-maskcontent\" class=\"maskcontent\">ab Php 4752<\/div><a id=\"ts-vcsc-image-hover-8446349-readmore\" href=\"http:\/\/bluestardive.com\/rooms\/pool-view\/\" class=\"info ts-image-hover-button\" target=\"_blank\">Weitere Informationen<\/a><\/div><\/div><div class=\"ts-image-hover-handle\" style=\"\"><span class=\"frame_handle_hover\" style=\"background-color: #0094ff\"><i class=\"handle_hover\"><\/i><\/span><\/div><\/div><\/div><\/div>[\/vc_column][vc_column width=&#8220;1\/4&#8243;]<div id=\"ts-vcsc-image-hover-7745276\" class=\"ts-image-hover-frame ts-imagefloat-center    ts-trigger-hover-adjust\"  style=\"width: 100%; margin-top: 0px; margin-bottom: 0px;\"><div id=\"ts-vcsc-image-hover-7745276-counter\" class=\"ts-fluid-wrapper \" style=\"width: 100%; height: auto;\"><div style=\"padding-bottom: 25px;\"><div id=\"ts-vcsc-image-hover-7745276-mask\" class=\"ts-imagehover ts-imagehover-static ts-imagehover-style2 ts-trigger-hover \" data-trigger=\"ts-trigger-hover\" data-closer=\"ts-vcsc-image-hover-7745276-closer\" style=\"width: 100%; height: auto; \"><img decoding=\"async\" src=\"https:\/\/bluestardive.com\/wp-content\/uploads\/2015\/04\/ocean-standard-3501.jpg\" data-no-lazy=\"1\" alt=\"ocean-standard-3501\" style=\"width: 100%; height: auto;\"\/><div class=\"mask\" style=\"width: 100%; height: 100%; display: block;\"><h2 class=\"ts-image-hover-title\">Ocean View Standard<\/h2><div id=\"ts-vcsc-image-hover-7745276-maskcontent\" class=\"maskcontent\">ab Php 3652<\/div><a id=\"ts-vcsc-image-hover-7745276-readmore\" href=\"http:\/\/bluestardive.com\/rooms\/ocean-view-standard\/\" class=\"info ts-image-hover-button\" target=\"_blank\">Weitere Informationen<\/a><\/div><\/div><div class=\"ts-image-hover-handle\" style=\"\"><span class=\"frame_handle_hover\" style=\"background-color: #0094ff\"><i class=\"handle_hover\"><\/i><\/span><\/div><\/div><\/div><\/div>[\/vc_column][\/vc_row][vc_row][vc_column width=&#8220;1\/1&#8243;][vc_custom_heading text=&#8220;Unser Essen&#8220; font_container=&#8220;tag:h2|font_size:24|text_align:left|color:%231e73be&#8220; google_fonts=&#8220;font_family:Roboto%3A100%2C100italic%2C300%2C300italic%2Cregular%2Citalic%2C500%2C500italic%2C700%2C700italic%2C900%2C900italic|font_style:500%20bold%20regular%3A500%3Anormal&#8220;][\/vc_column][\/vc_row][vc_row][vc_column width=&#8220;1\/2&#8243;][vc_single_image image=&#8220;1058&#8243; alignment=&#8220;center&#8220; border_color=&#8220;grey&#8220; img_link_large=&#8220;&#8220; img_link_target=&#8220;_self&#8220; css_animation=&#8220;appear&#8220; img_size=&#8220;full&#8220;][\/vc_column][vc_column width=&#8220;1\/2&#8243;][vc_column_text css_animation=&#8220;appear&#8220;]<img loading=\"lazy\" decoding=\"async\" class=\"aligncenter size-medium wp-image-232\" src=\"https:\/\/bluestardive.com\/wp-content\/uploads\/2015\/04\/restaurant-logo-300x66.png\" alt=\"restaurant-logo\" width=\"300\" height=\"66\" \/><\/p>\n<p>Willkommen in der <strong><span style=\"color: #ff0000;\">Villa d\u00b4Anda<\/span><\/strong>, unserem <strong><span style=\"color: #000080;\">Resort eigenen Restaurant<\/span><\/strong>. Das Restaurant ist auf einer Klippe gebaut mit Aussicht auf die Bucht von Guindulman. Erfreuen Sie sich am <strong><span style=\"color: #000080;\">Ausblick \u00fcber den Ozean<\/span> <\/strong>w\u00e4hrend Sie eine unserer <strong><span style=\"color: #000080;\">Gourmetmahlzeiten<\/span><\/strong> kosten oder einen frischen Salat oder Snack geniessen.<br \/>\nDamit wir allen Geschm\u00e4ckern gerecht werden k\u00f6nnen, bieten wir eine Mischung aus der <strong><span style=\"color: #000080;\">westlichen, asiatischen und der philippinischen K\u00fcche<\/span><\/strong> an. <strong><span style=\"color: #000080;\">Mittwoch<\/span><\/strong> Abend ist unser ber\u00fchmter <strong><span style=\"color: #000080;\">Pizza Abend<\/span><\/strong> mit nach traditionell italienischer Art selber zubereiteten Pizzen, die in <strong><span style=\"color: #000080;\">unserem gemauerten Holz-Pizzaofen<\/span><\/strong> gebacken werden. An diesem Abend werden die Tische am Schwimmbad aufgebaut und unsere <strong><span style=\"color: #000080;\">phillipinische Hausband<\/span><\/strong> sorgt f\u00fcr die musikalische Unterhaltung. Alle unsere Speisen werden von <strong><span style=\"color: #000080;\">frischen, lokalen Zutaten<\/span><\/strong> hergestellt. Wir versuchen wann immer m\u00f6glich die lokale Bev\u00f6lkerung zu unterst\u00fctzen und kaufen unsere Lebensmittel auf <strong><span style=\"color: #000080;\">den M\u00e4rkten rund um Anda<\/span><\/strong>. Wir backen unser<strong><span style=\"color: #000080;\"> eigenes Brot<\/span> <\/strong>und stellen sogar unseren <strong><span style=\"color: #000080;\">eigenen Joghurt<\/span><\/strong> her \u2013 wir ben\u00fctzen keine produzierten Lebensmittel. <a href=\"http:\/\/bluestardive.com\/bohol-restaurants\/\">Bitte lesen Sie weiter&#8230;<\/a>[\/vc_column_text][\/vc_column][\/vc_row][vc_row][vc_column width=&#8220;1\/1&#8243;][vc_custom_heading text=&#8220;Unsere Tauchbasis<br \/>\n&#8220; font_container=&#8220;tag:h2|font_size:24|text_align:left|color:%231e73be&#8220; google_fonts=&#8220;font_family:Roboto%3A100%2C100italic%2C300%2C300italic%2Cregular%2Citalic%2C500%2C500italic%2C700%2C700italic%2C900%2C900italic|font_style:500%20bold%20regular%3A500%3Anormal&#8220;][\/vc_column][\/vc_row][vc_row][vc_column width=&#8220;1\/2&#8243;][vc_column_text css_animation=&#8220;appear&#8220;]<span style=\"color: #000080;\"><strong><img loading=\"lazy\" decoding=\"async\" class=\"alignleft size-medium wp-image-330\" src=\"https:\/\/bluestardive.com\/wp-content\/uploads\/2015\/04\/padi-5-star-350-234x300.jpg\" alt=\"padi-5-star-350\" width=\"234\" height=\"300\" srcset=\"https:\/\/bluestardive.com\/wp-content\/uploads\/2015\/04\/padi-5-star-350-234x300.jpg 234w, https:\/\/bluestardive.com\/wp-content\/uploads\/2015\/04\/padi-5-star-350.jpg 350w\" sizes=\"auto, (max-width: 234px) 100vw, 234px\" \/><\/strong><\/span><\/p>\n<p>Wir sind bis jetzt das einzige <strong><span style=\"color: #000080;\">PADI 5 Sterne Tauchresort<\/span><\/strong> in Anda und auf Bohol\u00b4s Festland. Unsere PADI 5 Sterne Tauchbasis wird von <strong><span style=\"color: #000080;\">erfahrenen PADI Tauchlehrern<\/span><\/strong> gef\u00fchrt und bietet komplette Sets an Tauchausr\u00fcstung in allen Gr\u00f6ssen an. <strong><span style=\"color: #008000;\">Nitrox<\/span><\/strong> steht dementsprechend zertifizierten Tauchern jederzeit zur Verf\u00fcgung. Wir bieten eine grosse Palette an Tauchkursen an und f\u00fchren t\u00e4glich bis zu <strong><span style=\"color: #000080;\">4 Tauchg\u00e4ngen<\/span><\/strong> an den 30 verschiedenen Tauchpl\u00e4tzen in Anda durch. Tauchen in Bohol sollte auf der Wunschliste jedes Tauchers stehen. Unser Hausriff geh\u00f6rt zu den sch\u00f6nsten Tauchpl\u00e4tzen von Bohol, deshalb auch der Name \u201e<strong><span style=\"color: #000080;\">Paradise Garden<\/span><\/strong>\u201c. Schildkr\u00f6ten sind in den flacheren Teilen des Riffs w\u00e4hrend des ganzen Jahres zu beobachten w\u00e4hrend speziell um Vollmond Delphine unser Riff besuchen. Entdecken Sie alle Tauchpl\u00e4tze auf der <a href=\"http:\/\/bluestardive.com\/diving\/dive_centre\/\">Tauchbasis Seite<\/a>.[\/vc_column_text][\/vc_column][vc_column width=&#8220;1\/2&#8243;][vc_video link=&#8220;https:\/\/youtu.be\/dg9LTZV5SGo&#8220;][\/vc_column][\/vc_row][vc_row][vc_column width=&#8220;1\/1&#8243;][vc_single_image image=&#8220;845&#8243; alignment=&#8220;center&#8220; border_color=&#8220;grey&#8220; img_link_large=&#8220;&#8220; img_link_target=&#8220;_self&#8220; css_animation=&#8220;appear&#8220; img_size=&#8220;full&#8220;][\/vc_column][\/vc_row]\n<\/div>","protected":false},"excerpt":{"rendered":"<p>[vc_row][vc_column width=&#8220;1\/1&#8243;][vc_column_text] Die deutsche \u00dcbersetzung ist noch in Bearbeitung. In ein paar Tagen sollte die Arbeit jedoch soweit abgeschlossen sein und alle Seiten auch auf Deutsch zur Verf\u00fcgung stehen. [\/vc_column_text][\/vc_column][\/vc_row][vc_row][vc_column width=&#8220;2\/3&#8243;][vc_column_text css_animation=&#8220;appear&#8220;] Mabuhay im Blue Star Dive and Resort! Oder, wie wir sagen w\u00fcrden, \u201eWillkommen im Blue<\/p>\n","protected":false},"author":1,"featured_media":0,"parent":0,"menu_order":0,"comment_status":"closed","ping_status":"closed","template":"","meta":{"footnotes":""},"class_list":["post-905","page","type-page","status-publish","hentry"],"yoast_head":"<!-- This site is optimized with the Yoast SEO plugin v27.4 - https:\/\/yoast.com\/product\/yoast-seo-wordpress\/ -->\n<title>Resorts auf Bohol - Blue Star Dive &amp; Resort<\/title>\n<meta name=\"description\" content=\"In der N\u00e4he des wundersch\u00f6nen, freundlichen und ruhigen D\u00f6rfchens Anda gelegen befindet sich eines der sch\u00f6nsten Resorts auf Bohol, das Blue Star Dive and R\" \/>\n<meta name=\"robots\" content=\"index, follow, max-snippet:-1, max-image-preview:large, max-video-preview:-1\" \/>\n<link rel=\"canonical\" href=\"https:\/\/bluestardive.com\/de\/\" \/>\n<meta property=\"og:locale\" content=\"de_DE\" \/>\n<meta property=\"og:type\" content=\"article\" \/>\n<meta property=\"og:title\" content=\"Resorts auf Bohol - Blue Star Dive &amp; Resort\" \/>\n<meta property=\"og:description\" content=\"In der N\u00e4he des wundersch\u00f6nen, freundlichen und ruhigen D\u00f6rfchens Anda gelegen befindet sich eines der sch\u00f6nsten Resorts auf Bohol, das Blue Star Dive and R\" \/>\n<meta property=\"og:url\" content=\"https:\/\/bluestardive.com\/de\/\" \/>\n<meta property=\"og:site_name\" content=\"Blue Star Dive &amp; Resort\" \/>\n<meta property=\"article:publisher\" content=\"https:\/\/www.facebook.com\/BlueStarDiveAndResort\" \/>\n<meta property=\"article:modified_time\" content=\"2015-10-07T22:39:06+00:00\" \/>\n<meta property=\"og:image\" content=\"https:\/\/bluestardive.com\/wp-content\/uploads\/2015\/04\/jacuzzi-2.jpg\" \/>\n\t<meta property=\"og:image:width\" content=\"1024\" \/>\n\t<meta property=\"og:image:height\" content=\"768\" \/>\n\t<meta property=\"og:image:type\" content=\"image\/jpeg\" \/>\n<meta name=\"twitter:card\" content=\"summary_large_image\" \/>\n<meta name=\"twitter:site\" content=\"@BlueStarResort\" \/>\n<meta name=\"twitter:label1\" content=\"Gesch\u00e4tzte Lesezeit\" \/>\n\t<meta name=\"twitter:data1\" content=\"6\u00a0Minuten\" \/>\n<script type=\"application\/ld+json\" class=\"yoast-schema-graph\">{\"@context\":\"https:\\\/\\\/schema.org\",\"@graph\":[{\"@type\":\"WebPage\",\"@id\":\"https:\\\/\\\/bluestardive.com\\\/de\\\/\",\"url\":\"https:\\\/\\\/bluestardive.com\\\/de\\\/\",\"name\":\"Resorts auf Bohol - Blue Star Dive & Resort\",\"isPartOf\":{\"@id\":\"https:\\\/\\\/bluestardive.com\\\/#website\"},\"primaryImageOfPage\":{\"@id\":\"https:\\\/\\\/bluestardive.com\\\/de\\\/#primaryimage\"},\"image\":{\"@id\":\"https:\\\/\\\/bluestardive.com\\\/de\\\/#primaryimage\"},\"thumbnailUrl\":\"https:\\\/\\\/bluestardive.com\\\/wp-content\\\/uploads\\\/2015\\\/04\\\/jacuzzi-2-300x225.jpg\",\"datePublished\":\"2015-05-13T09:35:28+00:00\",\"dateModified\":\"2015-10-07T22:39:06+00:00\",\"description\":\"In der N\u00e4he des wundersch\u00f6nen, freundlichen und ruhigen D\u00f6rfchens Anda gelegen befindet sich eines der sch\u00f6nsten Resorts auf Bohol, das Blue Star Dive and R\",\"breadcrumb\":{\"@id\":\"https:\\\/\\\/bluestardive.com\\\/de\\\/#breadcrumb\"},\"inLanguage\":\"de\",\"potentialAction\":[{\"@type\":\"ReadAction\",\"target\":[\"https:\\\/\\\/bluestardive.com\\\/de\\\/\"]}]},{\"@type\":\"ImageObject\",\"inLanguage\":\"de\",\"@id\":\"https:\\\/\\\/bluestardive.com\\\/de\\\/#primaryimage\",\"url\":\"https:\\\/\\\/bluestardive.com\\\/wp-content\\\/uploads\\\/2015\\\/04\\\/jacuzzi-2-300x225.jpg\",\"contentUrl\":\"https:\\\/\\\/bluestardive.com\\\/wp-content\\\/uploads\\\/2015\\\/04\\\/jacuzzi-2-300x225.jpg\"},{\"@type\":\"BreadcrumbList\",\"@id\":\"https:\\\/\\\/bluestardive.com\\\/de\\\/#breadcrumb\",\"itemListElement\":[{\"@type\":\"ListItem\",\"position\":1,\"name\":\"Start\",\"item\":\"https:\\\/\\\/bluestardive.com\\\/de\\\/\"},{\"@type\":\"ListItem\",\"position\":2,\"name\":\"Resorts auf Bohol\"}]},{\"@type\":\"WebSite\",\"@id\":\"https:\\\/\\\/bluestardive.com\\\/#website\",\"url\":\"https:\\\/\\\/bluestardive.com\\\/\",\"name\":\"Blue Star Dive &amp; Resort\",\"description\":\"\",\"potentialAction\":[{\"@type\":\"SearchAction\",\"target\":{\"@type\":\"EntryPoint\",\"urlTemplate\":\"https:\\\/\\\/bluestardive.com\\\/?s={search_term_string}\"},\"query-input\":{\"@type\":\"PropertyValueSpecification\",\"valueRequired\":true,\"valueName\":\"search_term_string\"}}],\"inLanguage\":\"de\"}]}<\/script>\n<!-- \/ Yoast SEO plugin. -->","yoast_head_json":{"title":"Resorts auf Bohol - Blue Star Dive & Resort","description":"In der N\u00e4he des wundersch\u00f6nen, freundlichen und ruhigen D\u00f6rfchens Anda gelegen befindet sich eines der sch\u00f6nsten Resorts auf Bohol, das Blue Star Dive and R","robots":{"index":"index","follow":"follow","max-snippet":"max-snippet:-1","max-image-preview":"max-image-preview:large","max-video-preview":"max-video-preview:-1"},"canonical":"https:\/\/bluestardive.com\/de\/","og_locale":"de_DE","og_type":"article","og_title":"Resorts auf Bohol - Blue Star Dive & Resort","og_description":"In der N\u00e4he des wundersch\u00f6nen, freundlichen und ruhigen D\u00f6rfchens Anda gelegen befindet sich eines der sch\u00f6nsten Resorts auf Bohol, das Blue Star Dive and R","og_url":"https:\/\/bluestardive.com\/de\/","og_site_name":"Blue Star Dive &amp; Resort","article_publisher":"https:\/\/www.facebook.com\/BlueStarDiveAndResort","article_modified_time":"2015-10-07T22:39:06+00:00","og_image":[{"width":1024,"height":768,"url":"https:\/\/bluestardive.com\/wp-content\/uploads\/2015\/04\/jacuzzi-2.jpg","type":"image\/jpeg"}],"twitter_card":"summary_large_image","twitter_site":"@BlueStarResort","twitter_misc":{"Gesch\u00e4tzte Lesezeit":"6\u00a0Minuten"},"schema":{"@context":"https:\/\/schema.org","@graph":[{"@type":"WebPage","@id":"https:\/\/bluestardive.com\/de\/","url":"https:\/\/bluestardive.com\/de\/","name":"Resorts auf Bohol - Blue Star Dive & Resort","isPartOf":{"@id":"https:\/\/bluestardive.com\/#website"},"primaryImageOfPage":{"@id":"https:\/\/bluestardive.com\/de\/#primaryimage"},"image":{"@id":"https:\/\/bluestardive.com\/de\/#primaryimage"},"thumbnailUrl":"https:\/\/bluestardive.com\/wp-content\/uploads\/2015\/04\/jacuzzi-2-300x225.jpg","datePublished":"2015-05-13T09:35:28+00:00","dateModified":"2015-10-07T22:39:06+00:00","description":"In der N\u00e4he des wundersch\u00f6nen, freundlichen und ruhigen D\u00f6rfchens Anda gelegen befindet sich eines der sch\u00f6nsten Resorts auf Bohol, das Blue Star Dive and R","breadcrumb":{"@id":"https:\/\/bluestardive.com\/de\/#breadcrumb"},"inLanguage":"de","potentialAction":[{"@type":"ReadAction","target":["https:\/\/bluestardive.com\/de\/"]}]},{"@type":"ImageObject","inLanguage":"de","@id":"https:\/\/bluestardive.com\/de\/#primaryimage","url":"https:\/\/bluestardive.com\/wp-content\/uploads\/2015\/04\/jacuzzi-2-300x225.jpg","contentUrl":"https:\/\/bluestardive.com\/wp-content\/uploads\/2015\/04\/jacuzzi-2-300x225.jpg"},{"@type":"BreadcrumbList","@id":"https:\/\/bluestardive.com\/de\/#breadcrumb","itemListElement":[{"@type":"ListItem","position":1,"name":"Start","item":"https:\/\/bluestardive.com\/de\/"},{"@type":"ListItem","position":2,"name":"Resorts auf Bohol"}]},{"@type":"WebSite","@id":"https:\/\/bluestardive.com\/#website","url":"https:\/\/bluestardive.com\/","name":"Blue Star Dive &amp; Resort","description":"","potentialAction":[{"@type":"SearchAction","target":{"@type":"EntryPoint","urlTemplate":"https:\/\/bluestardive.com\/?s={search_term_string}"},"query-input":{"@type":"PropertyValueSpecification","valueRequired":true,"valueName":"search_term_string"}}],"inLanguage":"de"}]}},"jetpack_sharing_enabled":true,"jetpack_shortlink":"https:\/\/wp.me\/P6jqgs-eB","_links":{"self":[{"href":"https:\/\/bluestardive.com\/de\/wp-json\/wp\/v2\/pages\/905","targetHints":{"allow":["GET"]}}],"collection":[{"href":"https:\/\/bluestardive.com\/de\/wp-json\/wp\/v2\/pages"}],"about":[{"href":"https:\/\/bluestardive.com\/de\/wp-json\/wp\/v2\/types\/page"}],"author":[{"embeddable":true,"href":"https:\/\/bluestardive.com\/de\/wp-json\/wp\/v2\/users\/1"}],"replies":[{"embeddable":true,"href":"https:\/\/bluestardive.com\/de\/wp-json\/wp\/v2\/comments?post=905"}],"version-history":[{"count":15,"href":"https:\/\/bluestardive.com\/de\/wp-json\/wp\/v2\/pages\/905\/revisions"}],"predecessor-version":[{"id":1759,"href":"https:\/\/bluestardive.com\/de\/wp-json\/wp\/v2\/pages\/905\/revisions\/1759"}],"wp:attachment":[{"href":"https:\/\/bluestardive.com\/de\/wp-json\/wp\/v2\/media?parent=905"}],"curies":[{"name":"wp","href":"https:\/\/api.w.org\/{rel}","templated":true}]}}