{"id":1246,"date":"2015-06-24T14:20:27","date_gmt":"2015-06-24T06:20:27","guid":{"rendered":"http:\/\/bluestardive.com\/?page_id=1246"},"modified":"2015-06-24T14:20:27","modified_gmt":"2015-06-24T06:20:27","slug":"lamanoc-island-mit-dem-boot","status":"publish","type":"page","link":"https:\/\/bluestardive.com\/de\/lamanoc-island-mit-dem-boot\/","title":{"rendered":"Lamanoc Island mit dem Boot"},"content":{"rendered":"<div class=\"wpb-content-wrapper\">[vc_row][vc_column width=&#8220;1\/2&#8243;][vc_column_text]Statt <strong><span style=\"color: #000080;\">mit dem Auto<\/span><\/strong> zur Lamanoc Insel zu fahren k\u00f6nnen wir Sie auch <strong><span style=\"color: #000080;\">mit dem Boot<\/span><\/strong> hinbringen.<br \/>\nNach einer kurzen Bootsfahrt von 35 \u2013 40 Minuten sind wir direkt am <strong><span style=\"color: #000080;\">Lamanoc Strand<\/span><\/strong>. Dort findet man nicht nur ein <strong><span style=\"color: #000080;\">wundersch\u00f6nes Naturgebiet<\/span><\/strong> mit vielen verschiedenen Pflanzen- und Tierarten, inklusive einiger einheimischen Affenarten, Lamanoc Point ist ebenfalls mit einer langen <strong><span style=\"color: #000080;\">mystischen Geschichte<\/span><\/strong> verbunden. Vor der Kolonialzeit galt es als heiliger Platz an dem lokale Priester und Medizinm\u00e4nner (<strong><span style=\"color: #000080;\">baylan oder tambalan<\/span><\/strong>) ihre Opfergaben an die Naturgeister (<strong><span style=\"color: #000080;\">diwata<\/span><\/strong>) \u00fcbergaben und damit f\u00fcr eine <strong><span style=\"color: #000080;\">gute Ernte<\/span> <\/strong>oder <strong><span style=\"color: #000080;\">reichlichen Fischfang<\/span><\/strong> baten. Diese Praktiken wurden noch lange nach der Verbreitung des Katholozismum durch die Spanier weitergef\u00fchrt, jedoch wurden die traditionellen Br\u00e4uche mit den neuen Lehren vermischt. Die mystische Atmosph\u00e4re an diesem Ort wird durch die vielen <strong><span style=\"color: #000080;\">Balete B\u00e4ume<\/span><\/strong> mit den <strong><span style=\"color: #000080;\">zahlreichen knorrigen Wurzeln<\/span><\/strong> noch verst\u00e4rkt.<br \/>\n<img loading=\"lazy\" decoding=\"async\" class=\"aligncenter wp-image-808 size-full\" src=\"http:\/\/bluestardive.com\/wp-content\/uploads\/2015\/05\/grave.jpg\" alt=\"grave\" width=\"960\" height=\"515\" srcset=\"https:\/\/bluestardive.com\/wp-content\/uploads\/2015\/05\/grave.jpg 960w, https:\/\/bluestardive.com\/wp-content\/uploads\/2015\/05\/grave-300x161.jpg 300w\" sizes=\"auto, (max-width: 960px) 100vw, 960px\" \/>Einige der H\u00f6hlen wurden fr\u00fcher als <strong><span style=\"color: #000080;\">Grabst\u00e4tte<\/span><\/strong> benutzt und man kann nach wie vor die \u00dcberreste einiger sogenannter \u201e<span style=\"color: #000080;\">Bootss\u00e4rge<\/span>\u201c finden S\u00e4rge die aus aufgeh\u00f6hlten Baumst\u00e4mmen hergestellt wurden, \u00e4hnlich der Herstellung von Fischerbooten. Zudem sieht man ebenfalls noch <strong><span style=\"color: #000080;\">Tonkr\u00fcge<\/span><\/strong> die leider von Schatzr\u00e4ubern zerbrochen wurden weil sie darin Gold vermuteten. Alles was sie jedoch gefunden haben waren <strong><span style=\"color: #000080;\">menschliche \u00dcberreste<\/span><\/strong>, und durch das Besch\u00e4digen der Tonkr\u00fcge wurden die Grabst\u00e4tten entweiht und ein grosser Teil des <strong><span style=\"color: #000080;\">Kulturerbes zers\u00f6rt<\/span><\/strong>.[\/vc_column_text][\/vc_column][vc_column width=&#8220;1\/2&#8243;][vc_single_image image=&#8220;807&#8243; alignment=&#8220;center&#8220; border_color=&#8220;grey&#8220; img_link_large=&#8220;&#8220; img_link_target=&#8220;_self&#8220; css_animation=&#8220;appear&#8220; img_size=&#8220;large&#8220;][vc_column_text]\n<p style=\"text-align: left;\">In den H\u00f6hlen sind ebenfalls noch <strong><span style=\"color: #000080;\">pr\u00e4historische Wandmalereien<\/span><\/strong> zu entdecken, die von den Menschen fr\u00fcher mit H\u00e4matit-Pigmenten (rotes Eisenoxid) <strong><span style=\"color: #000080;\">mit den Fingern<\/span><\/strong> gemalt wurden. Ein lokaler Glaube sagt, dass diese Farbe <strong><span style=\"color: #000080;\">das Blut von Piraten<\/span><\/strong> war die von Engeln umgebracht wurden.<br \/>\nAuch die Natur hat ihre k\u00fcnstlerische Art bewiesen mit einigen interessanten Formationen von <strong><span style=\"color: #000080;\">Stalaktiten und Stalagmiten<\/span><\/strong>, inklusiver einer ganzen Reihe Stalaktiten die den Eindruck von <strong><span style=\"color: #000080;\">Haifisch-Z\u00e4hnen<\/span><\/strong> geben. Eine andere Seltenheit ist eine <strong><span style=\"color: #000080;\">M\u00f6rdermuschel<\/span><\/strong> eingebettet in einen Fels. Dies zeigt deutlich dass diesse Felsen in der Vergangenheit <strong><span style=\"color: #000080;\">aus dem Meer erhoben<\/span><\/strong> wurden. Dass dieser Prozess <strong><span style=\"color: #000080;\">noch<\/span> <span style=\"color: #000080;\">nicht abgeschlossen<\/span><\/strong> ist hat sich dramatisch gezeigt w\u00e4hrend des <strong><span style=\"color: #000080;\">Erdbebens am 15. Oktober 2013<\/span><\/strong>, als Punta Cruz, welches auf der gegen\u00fcberliegenden Seite von Bohol liegt, <strong><span style=\"color: #000080;\">mehr als einen Meter<\/span><\/strong> erhoben wurde. Dadurch ist die K\u00fcste um 50 \u2013 100 Meter zur\u00fcckgegangen. Nach so einem Ereignis beginnt das Meer die relativ weichen Felsen zu <strong><span style=\"color: #000080;\">erodieren<\/span><\/strong>, was zu den typischen <strong><span style=\"color: #000080;\">\u00fcberh\u00e4ngenden W\u00e4nden<\/span><\/strong> f\u00fchrt die man auf der Insel Lamanoc bewundern kann.<\/p>\n[\/vc_column_text][\/vc_column][\/vc_row][vc_row][vc_column width=&#8220;2\/3&#8243;][\/vc_column][vc_column width=&#8220;1\/3&#8243;][\/vc_column][\/vc_row][vc_row][vc_column width=&#8220;2\/3&#8243;][vc_column_text css_animation=&#8220;appear&#8220;]<em>Tour includes boat ride, marine park fees and snorkeling at Lamanoc. &#8211; BBQ lunch on the beach and entrance to Lamanoc Island mystical tour are optional extras<\/em>[\/vc_column_text][\/vc_column][vc_column width=&#8220;1\/3&#8243;][\/vc_column][\/vc_row]\n<\/div>","protected":false},"excerpt":{"rendered":"<p>[vc_row][vc_column width=&#8220;1\/2&#8243;][vc_column_text]Statt mit dem Auto zur Lamanoc Insel zu fahren k\u00f6nnen wir Sie auch mit dem Boot hinbringen. Nach einer kurzen Bootsfahrt von 35 \u2013 40 Minuten sind wir direkt am Lamanoc Strand. Dort findet man nicht nur ein wundersch\u00f6nes Naturgebiet mit vielen verschiedenen Pflanzen- und Tierarten,<\/p>\n","protected":false},"author":1,"featured_media":0,"parent":0,"menu_order":0,"comment_status":"closed","ping_status":"closed","template":"","meta":{"footnotes":""},"class_list":["post-1246","page","type-page","status-publish","hentry"],"yoast_head":"<!-- This site is optimized with the Yoast SEO plugin v27.4 - https:\/\/yoast.com\/product\/yoast-seo-wordpress\/ -->\n<title>Lamanoc Island mit dem Boot - Blue Star Dive &amp; Resort<\/title>\n<meta name=\"description\" content=\"Statt mit dem Auto zur Lamanoc Island zu fahren k\u00f6nnen wir Sie auch mit dem Boot hinbringen. Nach einer kurzen Bootsfahrt von 35 \u2013 40 Minuten sind wir....\" \/>\n<meta name=\"robots\" content=\"index, follow, max-snippet:-1, max-image-preview:large, max-video-preview:-1\" \/>\n<link rel=\"canonical\" href=\"https:\/\/bluestardive.com\/activities\/sea-tours\/lamanoc-island-by-boat\/\" \/>\n<meta property=\"og:locale\" content=\"de_DE\" \/>\n<meta property=\"og:type\" content=\"article\" \/>\n<meta property=\"og:title\" content=\"Lamanoc Island mit dem Boot - Blue Star Dive &amp; Resort\" \/>\n<meta property=\"og:description\" content=\"Statt mit dem Auto zur Lamanoc Island zu fahren k\u00f6nnen wir Sie auch mit dem Boot hinbringen. Nach einer kurzen Bootsfahrt von 35 \u2013 40 Minuten sind wir....\" \/>\n<meta property=\"og:url\" content=\"https:\/\/bluestardive.com\/activities\/sea-tours\/lamanoc-island-by-boat\/\" \/>\n<meta property=\"og:site_name\" content=\"Blue Star Dive &amp; Resort\" \/>\n<meta property=\"article:publisher\" content=\"https:\/\/www.facebook.com\/BlueStarDiveAndResort\" \/>\n<meta property=\"og:image\" content=\"https:\/\/bluestardive.com\/wp-content\/uploads\/2015\/05\/grave.jpg\" \/>\n\t<meta property=\"og:image:width\" content=\"960\" \/>\n\t<meta property=\"og:image:height\" content=\"515\" \/>\n\t<meta property=\"og:image:type\" content=\"image\/jpeg\" \/>\n<meta name=\"twitter:card\" content=\"summary_large_image\" \/>\n<meta name=\"twitter:site\" content=\"@BlueStarResort\" \/>\n<meta name=\"twitter:label1\" content=\"Gesch\u00e4tzte Lesezeit\" \/>\n\t<meta name=\"twitter:data1\" content=\"3\u00a0Minuten\" \/>\n<script type=\"application\/ld+json\" class=\"yoast-schema-graph\">{\"@context\":\"https:\\\/\\\/schema.org\",\"@graph\":[{\"@type\":\"WebPage\",\"@id\":\"https:\\\/\\\/bluestardive.com\\\/activities\\\/sea-tours\\\/lamanoc-island-by-boat\\\/\",\"url\":\"https:\\\/\\\/bluestardive.com\\\/activities\\\/sea-tours\\\/lamanoc-island-by-boat\\\/\",\"name\":\"Lamanoc Island mit dem Boot - Blue Star Dive & Resort\",\"isPartOf\":{\"@id\":\"https:\\\/\\\/bluestardive.com\\\/#website\"},\"primaryImageOfPage\":{\"@id\":\"https:\\\/\\\/bluestardive.com\\\/activities\\\/sea-tours\\\/lamanoc-island-by-boat\\\/#primaryimage\"},\"image\":{\"@id\":\"https:\\\/\\\/bluestardive.com\\\/activities\\\/sea-tours\\\/lamanoc-island-by-boat\\\/#primaryimage\"},\"thumbnailUrl\":\"http:\\\/\\\/bluestardive.com\\\/wp-content\\\/uploads\\\/2015\\\/05\\\/grave.jpg\",\"datePublished\":\"2015-06-24T06:20:27+00:00\",\"description\":\"Statt mit dem Auto zur Lamanoc Island zu fahren k\u00f6nnen wir Sie auch mit dem Boot hinbringen. Nach einer kurzen Bootsfahrt von 35 \u2013 40 Minuten sind wir....\",\"breadcrumb\":{\"@id\":\"https:\\\/\\\/bluestardive.com\\\/activities\\\/sea-tours\\\/lamanoc-island-by-boat\\\/#breadcrumb\"},\"inLanguage\":\"de\",\"potentialAction\":[{\"@type\":\"ReadAction\",\"target\":[\"https:\\\/\\\/bluestardive.com\\\/activities\\\/sea-tours\\\/lamanoc-island-by-boat\\\/\"]}]},{\"@type\":\"ImageObject\",\"inLanguage\":\"de\",\"@id\":\"https:\\\/\\\/bluestardive.com\\\/activities\\\/sea-tours\\\/lamanoc-island-by-boat\\\/#primaryimage\",\"url\":\"http:\\\/\\\/bluestardive.com\\\/wp-content\\\/uploads\\\/2015\\\/05\\\/grave.jpg\",\"contentUrl\":\"http:\\\/\\\/bluestardive.com\\\/wp-content\\\/uploads\\\/2015\\\/05\\\/grave.jpg\"},{\"@type\":\"BreadcrumbList\",\"@id\":\"https:\\\/\\\/bluestardive.com\\\/activities\\\/sea-tours\\\/lamanoc-island-by-boat\\\/#breadcrumb\",\"itemListElement\":[{\"@type\":\"ListItem\",\"position\":1,\"name\":\"Start\",\"item\":\"https:\\\/\\\/bluestardive.com\\\/de\\\/\"},{\"@type\":\"ListItem\",\"position\":2,\"name\":\"Lamanoc Island mit dem Boot\"}]},{\"@type\":\"WebSite\",\"@id\":\"https:\\\/\\\/bluestardive.com\\\/#website\",\"url\":\"https:\\\/\\\/bluestardive.com\\\/\",\"name\":\"Blue Star Dive &amp; Resort\",\"description\":\"\",\"potentialAction\":[{\"@type\":\"SearchAction\",\"target\":{\"@type\":\"EntryPoint\",\"urlTemplate\":\"https:\\\/\\\/bluestardive.com\\\/?s={search_term_string}\"},\"query-input\":{\"@type\":\"PropertyValueSpecification\",\"valueRequired\":true,\"valueName\":\"search_term_string\"}}],\"inLanguage\":\"de\"}]}<\/script>\n<!-- \/ Yoast SEO plugin. -->","yoast_head_json":{"title":"Lamanoc Island mit dem Boot - Blue Star Dive & Resort","description":"Statt mit dem Auto zur Lamanoc Island zu fahren k\u00f6nnen wir Sie auch mit dem Boot hinbringen. Nach einer kurzen Bootsfahrt von 35 \u2013 40 Minuten sind wir....","robots":{"index":"index","follow":"follow","max-snippet":"max-snippet:-1","max-image-preview":"max-image-preview:large","max-video-preview":"max-video-preview:-1"},"canonical":"https:\/\/bluestardive.com\/activities\/sea-tours\/lamanoc-island-by-boat\/","og_locale":"de_DE","og_type":"article","og_title":"Lamanoc Island mit dem Boot - Blue Star Dive & Resort","og_description":"Statt mit dem Auto zur Lamanoc Island zu fahren k\u00f6nnen wir Sie auch mit dem Boot hinbringen. Nach einer kurzen Bootsfahrt von 35 \u2013 40 Minuten sind wir....","og_url":"https:\/\/bluestardive.com\/activities\/sea-tours\/lamanoc-island-by-boat\/","og_site_name":"Blue Star Dive &amp; Resort","article_publisher":"https:\/\/www.facebook.com\/BlueStarDiveAndResort","og_image":[{"width":960,"height":515,"url":"https:\/\/bluestardive.com\/wp-content\/uploads\/2015\/05\/grave.jpg","type":"image\/jpeg"}],"twitter_card":"summary_large_image","twitter_site":"@BlueStarResort","twitter_misc":{"Gesch\u00e4tzte Lesezeit":"3\u00a0Minuten"},"schema":{"@context":"https:\/\/schema.org","@graph":[{"@type":"WebPage","@id":"https:\/\/bluestardive.com\/activities\/sea-tours\/lamanoc-island-by-boat\/","url":"https:\/\/bluestardive.com\/activities\/sea-tours\/lamanoc-island-by-boat\/","name":"Lamanoc Island mit dem Boot - Blue Star Dive & Resort","isPartOf":{"@id":"https:\/\/bluestardive.com\/#website"},"primaryImageOfPage":{"@id":"https:\/\/bluestardive.com\/activities\/sea-tours\/lamanoc-island-by-boat\/#primaryimage"},"image":{"@id":"https:\/\/bluestardive.com\/activities\/sea-tours\/lamanoc-island-by-boat\/#primaryimage"},"thumbnailUrl":"http:\/\/bluestardive.com\/wp-content\/uploads\/2015\/05\/grave.jpg","datePublished":"2015-06-24T06:20:27+00:00","description":"Statt mit dem Auto zur Lamanoc Island zu fahren k\u00f6nnen wir Sie auch mit dem Boot hinbringen. Nach einer kurzen Bootsfahrt von 35 \u2013 40 Minuten sind wir....","breadcrumb":{"@id":"https:\/\/bluestardive.com\/activities\/sea-tours\/lamanoc-island-by-boat\/#breadcrumb"},"inLanguage":"de","potentialAction":[{"@type":"ReadAction","target":["https:\/\/bluestardive.com\/activities\/sea-tours\/lamanoc-island-by-boat\/"]}]},{"@type":"ImageObject","inLanguage":"de","@id":"https:\/\/bluestardive.com\/activities\/sea-tours\/lamanoc-island-by-boat\/#primaryimage","url":"http:\/\/bluestardive.com\/wp-content\/uploads\/2015\/05\/grave.jpg","contentUrl":"http:\/\/bluestardive.com\/wp-content\/uploads\/2015\/05\/grave.jpg"},{"@type":"BreadcrumbList","@id":"https:\/\/bluestardive.com\/activities\/sea-tours\/lamanoc-island-by-boat\/#breadcrumb","itemListElement":[{"@type":"ListItem","position":1,"name":"Start","item":"https:\/\/bluestardive.com\/de\/"},{"@type":"ListItem","position":2,"name":"Lamanoc Island mit dem Boot"}]},{"@type":"WebSite","@id":"https:\/\/bluestardive.com\/#website","url":"https:\/\/bluestardive.com\/","name":"Blue Star Dive &amp; Resort","description":"","potentialAction":[{"@type":"SearchAction","target":{"@type":"EntryPoint","urlTemplate":"https:\/\/bluestardive.com\/?s={search_term_string}"},"query-input":{"@type":"PropertyValueSpecification","valueRequired":true,"valueName":"search_term_string"}}],"inLanguage":"de"}]}},"jetpack_sharing_enabled":true,"jetpack_shortlink":"https:\/\/wp.me\/P6jqgs-k6","_links":{"self":[{"href":"https:\/\/bluestardive.com\/de\/wp-json\/wp\/v2\/pages\/1246","targetHints":{"allow":["GET"]}}],"collection":[{"href":"https:\/\/bluestardive.com\/de\/wp-json\/wp\/v2\/pages"}],"about":[{"href":"https:\/\/bluestardive.com\/de\/wp-json\/wp\/v2\/types\/page"}],"author":[{"embeddable":true,"href":"https:\/\/bluestardive.com\/de\/wp-json\/wp\/v2\/users\/1"}],"replies":[{"embeddable":true,"href":"https:\/\/bluestardive.com\/de\/wp-json\/wp\/v2\/comments?post=1246"}],"version-history":[{"count":2,"href":"https:\/\/bluestardive.com\/de\/wp-json\/wp\/v2\/pages\/1246\/revisions"}],"predecessor-version":[{"id":1249,"href":"https:\/\/bluestardive.com\/de\/wp-json\/wp\/v2\/pages\/1246\/revisions\/1249"}],"wp:attachment":[{"href":"https:\/\/bluestardive.com\/de\/wp-json\/wp\/v2\/media?parent=1246"}],"curies":[{"name":"wp","href":"https:\/\/api.w.org\/{rel}","templated":true}]}}