{"id":1189,"date":"2015-06-22T10:38:02","date_gmt":"2015-06-22T02:38:02","guid":{"rendered":"http:\/\/bluestardive.com\/?page_id=1189"},"modified":"2015-09-15T18:39:26","modified_gmt":"2015-09-15T10:39:26","slug":"transfer-von-cebu-nach-bohol","status":"publish","type":"page","link":"https:\/\/bluestardive.com\/de\/transfer-von-cebu-nach-bohol\/","title":{"rendered":"Transfer von Cebu nach Bohol"},"content":{"rendered":"<div class=\"wpb-content-wrapper\">[vc_row][vc_column width=&#8220;1\/2&#8243;][vc_single_image image=&#8220;821&#8243; alignment=&#8220;center&#8220; border_color=&#8220;grey&#8220; img_link_large=&#8220;&#8220; img_link_target=&#8220;_self&#8220; css_animation=&#8220;appear&#8220; img_size=&#8220;large&#8220;][\/vc_column][vc_column width=&#8220;1\/2&#8243;][vc_column_text]\n<div id=\"stcpDiv\">\n<p>Zusammen mit unseren Partneragenturen k\u00f6nnen wir gerne Ihren nahtlosen <strong><span style=\"color: #000080;\">Transfer von Cebu nach Bohol<\/span><\/strong> und zur\u00fcck organisieren. <span style=\"text-decoration: underline;\"><strong><span style=\"color: #000080;\"><a style=\"color: #000080; text-decoration: underline;\" href=\"https:\/\/bluestardive.com\/us\/transfer-bohol-cebu\/vehicle-transfers-2016\/\" target=\"_blank\">Hier finden Sie unsere Transfer-Optionen und Preise.<\/a><\/span><\/strong><\/span><\/p>\n<h2>Von Manila<\/h2>\n<p>Wenn Sie \u00fcber <strong><span style=\"color: #000080;\">Manila<\/span><\/strong> in die Philippinen kommen empfehlen wir einen <strong><span style=\"color: #000080;\">Inlandsflug<\/span><\/strong> nach <strong><span style=\"color: #000080;\">Tagbilaran<\/span><\/strong>, der Hauptstadt von Bohol, zu buchen. Es gibt t\u00e4glich mindestens 9 Fl\u00fcge von Manila nach Tagbilaran,<strong><span style=\"color: #000080;\"> vom fr\u00fchen Morgen bis Nachmittags<\/span><\/strong>, und der Flug dauert etwa 1 Stunde 15 Minuten.<\/p>\n<h2>Von Cebu<\/h2>\n<p>Wenn Sie mit dem Flugzeug in <strong><span style=\"color: #000080;\">Cebu<\/span><\/strong> ankommen, k\u00f6nnen Sie eine der verschiedenen <strong><span style=\"color: #000080;\">F\u00e4hrgesellschaften<\/span><\/strong> w\u00e4hlen die t\u00e4glich mehr als 10 Fahrten nach <strong><span style=\"color: #000080;\">Tagbilaran<\/span><\/strong> anbieten. Die <strong><span style=\"color: #000080;\">Fahrzeit<\/span><\/strong> mit den Schnellf\u00e4hren betr\u00e4gt <strong><span style=\"color: #000080;\">2 Stunden<\/span><\/strong>, f\u00fcr die Fahrt vom Flughafen zum F\u00e4hrterminal m\u00fcssen Sie eine weitere Stunde einplanen. Es gibt ebenfalls eine <strong><span style=\"color: #000080;\">Flugverbindung<\/span><\/strong> von Cebu nach Tagbilaran, die Flugzeit betr\u00e4gt etwa 30 Minuten.<br \/>\nWir k\u00f6nnen gerne einen <strong><span style=\"color: #000080;\">stressfreien Transfer<\/span><\/strong> vom Flughafen zum F\u00e4hrterminal f\u00fcr Sie organisieren. Der Fahrer unserer Partneragentur wird Sie direkt <strong><span style=\"color: #000080;\">am Flughafen abholen<\/span><\/strong>, Ihre <strong><span style=\"color: #000080;\">F\u00e4hrtickets besorgen<\/span><\/strong> und Sie zum Eingang des F\u00e4hrterminals bringen.<\/p>\n<h2>Von Tagbilaran<\/h2>\n<p>Von <strong><span style=\"color: #000080;\">Tagbilaran<\/span> <\/strong>aus k\u00f6nnen Sie entweder ein <strong><span style=\"color: #000080;\">Taxi<\/span><\/strong> zum Blue Star Dive &amp; Resort oder einen <strong><span style=\"color: #000080;\">\u00f6ffentlichen Bus<\/span><\/strong> nehmen. Die Busfahrt dauert je nach Tageszeit etwa <strong><span style=\"color: #000080;\">3 \u2013 4 Stunden<\/span><\/strong> und es gibt <strong><span style=\"color: #000080;\">keine offiziellen Bushaltestellen<\/span><\/strong>. Der Bus <span style=\"color: #000080;\"><strong>h\u00e4lt f\u00fcr jeden<\/strong><\/span> der am Strassenrand steht und in den Bus einsteigen will. Die Taxifahrt dauert nicht ganz so lange; Sie werden jedoch mit dem Taxifahrer vor dem Einsteigen <strong><span style=\"color: #000080;\">einen Preis verhandeln<\/span><\/strong> m\u00fcssen.<br \/>\nWir k\u00f6nnen gerne den <strong><span style=\"color: #000080;\">Transfer vom Flughafen oder dem F\u00e4hrterminal in Tagbilaran<\/span><\/strong> organisieren. Ihr Fahrer wird am Ausgang auf Sie warten und Sie <strong><span style=\"color: #000080;\">sicher<\/span><\/strong> zum Blue Star Dive &amp; Resort bringen, die Fahrt selber dauert zwischen <strong><span style=\"color: #000080;\">1 Stunde 30 Minuten und 2 Stunden<\/span><\/strong>.<br \/>\n<span style=\"text-decoration: underline;\"><strong><span style=\"color: #000080; text-decoration: underline;\"><a style=\"color: #000080; text-decoration: underline;\" href=\"https:\/\/bluestardive.com\/us\/transfer-bohol-cebu\/vehicle-transfers-2016\/\" target=\"_blank\">Hier finden Sie unsere Transfer-Optionen und Preise<\/a><\/span><\/strong><\/span>.<\/p>\n<\/div>\n[\/vc_column_text][\/vc_column][\/vc_row]\n<\/div>","protected":false},"excerpt":{"rendered":"<p>[vc_row][vc_column width=&#8220;1\/2&#8243;][vc_single_image image=&#8220;821&#8243; alignment=&#8220;center&#8220; border_color=&#8220;grey&#8220; img_link_large=&#8220;&#8220; img_link_target=&#8220;_self&#8220; css_animation=&#8220;appear&#8220; img_size=&#8220;large&#8220;][\/vc_column][vc_column width=&#8220;1\/2&#8243;][vc_column_text] Zusammen mit unseren Partneragenturen k\u00f6nnen wir gerne Ihren nahtlosen Transfer von Cebu nach Bohol und zur\u00fcck organisieren. Hier finden Sie unsere Transfer-Optionen und Preise. Von Manila Wenn Sie \u00fcber Manila in die Philippinen kommen empfehlen wir einen<\/p>\n","protected":false},"author":1,"featured_media":0,"parent":0,"menu_order":0,"comment_status":"closed","ping_status":"closed","template":"","meta":{"footnotes":""},"class_list":["post-1189","page","type-page","status-publish","hentry"],"yoast_head":"<!-- This site is optimized with the Yoast SEO plugin v27.4 - https:\/\/yoast.com\/product\/yoast-seo-wordpress\/ -->\n<title>Transfer von Cebu nach Bohol - Blue Star Dive &amp; Resort<\/title>\n<meta name=\"description\" content=\"Wir k\u00f6nnen gerne Ihren nahtlosen Transfer von Cebu nach Bohol und zur\u00fcck organisieren. Hier finden Sie unsere Transfer-Optionen und Preise.\" \/>\n<meta name=\"robots\" content=\"index, follow, max-snippet:-1, max-image-preview:large, max-video-preview:-1\" \/>\n<link rel=\"canonical\" href=\"https:\/\/bluestardive.com\/us\/transfer-bohol-cebu\/\" \/>\n<meta property=\"og:locale\" content=\"de_DE\" \/>\n<meta property=\"og:type\" content=\"article\" \/>\n<meta property=\"og:title\" content=\"Transfer von Cebu nach Bohol - Blue Star Dive &amp; Resort\" \/>\n<meta property=\"og:description\" content=\"Wir k\u00f6nnen gerne Ihren nahtlosen Transfer von Cebu nach Bohol und zur\u00fcck organisieren. Hier finden Sie unsere Transfer-Optionen und Preise.\" \/>\n<meta property=\"og:url\" content=\"https:\/\/bluestardive.com\/us\/transfer-bohol-cebu\/\" \/>\n<meta property=\"og:site_name\" content=\"Blue Star Dive &amp; Resort\" \/>\n<meta property=\"article:publisher\" content=\"https:\/\/www.facebook.com\/BlueStarDiveAndResort\" \/>\n<meta property=\"article:modified_time\" content=\"2015-09-15T10:39:26+00:00\" \/>\n<meta name=\"twitter:card\" content=\"summary_large_image\" \/>\n<meta name=\"twitter:site\" content=\"@BlueStarResort\" \/>\n<meta name=\"twitter:label1\" content=\"Gesch\u00e4tzte Lesezeit\" \/>\n\t<meta name=\"twitter:data1\" content=\"2\u00a0Minuten\" \/>\n<script type=\"application\/ld+json\" class=\"yoast-schema-graph\">{\"@context\":\"https:\\\/\\\/schema.org\",\"@graph\":[{\"@type\":\"WebPage\",\"@id\":\"https:\\\/\\\/bluestardive.com\\\/us\\\/transfer-bohol-cebu\\\/\",\"url\":\"https:\\\/\\\/bluestardive.com\\\/us\\\/transfer-bohol-cebu\\\/\",\"name\":\"Transfer von Cebu nach Bohol - Blue Star Dive & Resort\",\"isPartOf\":{\"@id\":\"https:\\\/\\\/bluestardive.com\\\/#website\"},\"datePublished\":\"2015-06-22T02:38:02+00:00\",\"dateModified\":\"2015-09-15T10:39:26+00:00\",\"description\":\"Wir k\u00f6nnen gerne Ihren nahtlosen Transfer von Cebu nach Bohol und zur\u00fcck organisieren. Hier finden Sie unsere Transfer-Optionen und Preise.\",\"breadcrumb\":{\"@id\":\"https:\\\/\\\/bluestardive.com\\\/us\\\/transfer-bohol-cebu\\\/#breadcrumb\"},\"inLanguage\":\"de\",\"potentialAction\":[{\"@type\":\"ReadAction\",\"target\":[\"https:\\\/\\\/bluestardive.com\\\/us\\\/transfer-bohol-cebu\\\/\"]}]},{\"@type\":\"BreadcrumbList\",\"@id\":\"https:\\\/\\\/bluestardive.com\\\/us\\\/transfer-bohol-cebu\\\/#breadcrumb\",\"itemListElement\":[{\"@type\":\"ListItem\",\"position\":1,\"name\":\"Start\",\"item\":\"https:\\\/\\\/bluestardive.com\\\/de\\\/\"},{\"@type\":\"ListItem\",\"position\":2,\"name\":\"Transfer von Cebu nach Bohol\"}]},{\"@type\":\"WebSite\",\"@id\":\"https:\\\/\\\/bluestardive.com\\\/#website\",\"url\":\"https:\\\/\\\/bluestardive.com\\\/\",\"name\":\"Blue Star Dive &amp; Resort\",\"description\":\"\",\"potentialAction\":[{\"@type\":\"SearchAction\",\"target\":{\"@type\":\"EntryPoint\",\"urlTemplate\":\"https:\\\/\\\/bluestardive.com\\\/?s={search_term_string}\"},\"query-input\":{\"@type\":\"PropertyValueSpecification\",\"valueRequired\":true,\"valueName\":\"search_term_string\"}}],\"inLanguage\":\"de\"}]}<\/script>\n<!-- \/ Yoast SEO plugin. -->","yoast_head_json":{"title":"Transfer von Cebu nach Bohol - Blue Star Dive & Resort","description":"Wir k\u00f6nnen gerne Ihren nahtlosen Transfer von Cebu nach Bohol und zur\u00fcck organisieren. Hier finden Sie unsere Transfer-Optionen und Preise.","robots":{"index":"index","follow":"follow","max-snippet":"max-snippet:-1","max-image-preview":"max-image-preview:large","max-video-preview":"max-video-preview:-1"},"canonical":"https:\/\/bluestardive.com\/us\/transfer-bohol-cebu\/","og_locale":"de_DE","og_type":"article","og_title":"Transfer von Cebu nach Bohol - Blue Star Dive & Resort","og_description":"Wir k\u00f6nnen gerne Ihren nahtlosen Transfer von Cebu nach Bohol und zur\u00fcck organisieren. Hier finden Sie unsere Transfer-Optionen und Preise.","og_url":"https:\/\/bluestardive.com\/us\/transfer-bohol-cebu\/","og_site_name":"Blue Star Dive &amp; Resort","article_publisher":"https:\/\/www.facebook.com\/BlueStarDiveAndResort","article_modified_time":"2015-09-15T10:39:26+00:00","twitter_card":"summary_large_image","twitter_site":"@BlueStarResort","twitter_misc":{"Gesch\u00e4tzte Lesezeit":"2\u00a0Minuten"},"schema":{"@context":"https:\/\/schema.org","@graph":[{"@type":"WebPage","@id":"https:\/\/bluestardive.com\/us\/transfer-bohol-cebu\/","url":"https:\/\/bluestardive.com\/us\/transfer-bohol-cebu\/","name":"Transfer von Cebu nach Bohol - Blue Star Dive & Resort","isPartOf":{"@id":"https:\/\/bluestardive.com\/#website"},"datePublished":"2015-06-22T02:38:02+00:00","dateModified":"2015-09-15T10:39:26+00:00","description":"Wir k\u00f6nnen gerne Ihren nahtlosen Transfer von Cebu nach Bohol und zur\u00fcck organisieren. Hier finden Sie unsere Transfer-Optionen und Preise.","breadcrumb":{"@id":"https:\/\/bluestardive.com\/us\/transfer-bohol-cebu\/#breadcrumb"},"inLanguage":"de","potentialAction":[{"@type":"ReadAction","target":["https:\/\/bluestardive.com\/us\/transfer-bohol-cebu\/"]}]},{"@type":"BreadcrumbList","@id":"https:\/\/bluestardive.com\/us\/transfer-bohol-cebu\/#breadcrumb","itemListElement":[{"@type":"ListItem","position":1,"name":"Start","item":"https:\/\/bluestardive.com\/de\/"},{"@type":"ListItem","position":2,"name":"Transfer von Cebu nach Bohol"}]},{"@type":"WebSite","@id":"https:\/\/bluestardive.com\/#website","url":"https:\/\/bluestardive.com\/","name":"Blue Star Dive &amp; Resort","description":"","potentialAction":[{"@type":"SearchAction","target":{"@type":"EntryPoint","urlTemplate":"https:\/\/bluestardive.com\/?s={search_term_string}"},"query-input":{"@type":"PropertyValueSpecification","valueRequired":true,"valueName":"search_term_string"}}],"inLanguage":"de"}]}},"jetpack_sharing_enabled":true,"jetpack_shortlink":"https:\/\/wp.me\/P6jqgs-jb","_links":{"self":[{"href":"https:\/\/bluestardive.com\/de\/wp-json\/wp\/v2\/pages\/1189","targetHints":{"allow":["GET"]}}],"collection":[{"href":"https:\/\/bluestardive.com\/de\/wp-json\/wp\/v2\/pages"}],"about":[{"href":"https:\/\/bluestardive.com\/de\/wp-json\/wp\/v2\/types\/page"}],"author":[{"embeddable":true,"href":"https:\/\/bluestardive.com\/de\/wp-json\/wp\/v2\/users\/1"}],"replies":[{"embeddable":true,"href":"https:\/\/bluestardive.com\/de\/wp-json\/wp\/v2\/comments?post=1189"}],"version-history":[{"count":2,"href":"https:\/\/bluestardive.com\/de\/wp-json\/wp\/v2\/pages\/1189\/revisions"}],"predecessor-version":[{"id":1677,"href":"https:\/\/bluestardive.com\/de\/wp-json\/wp\/v2\/pages\/1189\/revisions\/1677"}],"wp:attachment":[{"href":"https:\/\/bluestardive.com\/de\/wp-json\/wp\/v2\/media?parent=1189"}],"curies":[{"name":"wp","href":"https:\/\/api.w.org\/{rel}","templated":true}]}}