{"id":1123,"date":"2015-06-10T12:22:33","date_gmt":"2015-06-10T04:22:33","guid":{"rendered":"http:\/\/bluestardive.com\/?page_id=1123"},"modified":"2016-11-17T09:30:00","modified_gmt":"2016-11-17T01:30:00","slug":"insel-camiguin-tour","status":"publish","type":"page","link":"https:\/\/bluestardive.com\/de\/insel-camiguin-tour\/","title":{"rendered":"Insel Camiguin Tour ist bis auf weiters nicht m\u00f6glich."},"content":{"rendered":"<div class=\"wpb-content-wrapper\">[vc_row full_width=&#8220;&#8220; parallax=&#8220;&#8220; parallax_image=&#8220;&#8220; bg_type=&#8220;&#8220; parallax_style=&#8220;&#8220; bg_image_new=&#8220;&#8220; layer_image=&#8220;&#8220; bg_image_repeat=&#8220;&#8220; bg_image_size=&#8220;&#8220; bg_cstm_size=&#8220;&#8220; bg_img_attach=&#8220;&#8220; parallax_sense=&#8220;&#8220; bg_image_posiiton=&#8220;&#8220; animation_direction=&#8220;&#8220; animation_repeat=&#8220;&#8220; video_url=&#8220;&#8220; video_url_2=&#8220;&#8220; u_video_url=&#8220;&#8220; video_opts=&#8220;&#8220; video_poster=&#8220;&#8220; u_start_time=&#8220;&#8220; u_stop_time=&#8220;&#8220; viewport_vdo=&#8220;&#8220; enable_controls=&#8220;&#8220; bg_override=&#8220;&#8220; disable_on_mobile_img_parallax=&#8220;&#8220; parallax_content=&#8220;&#8220; parallax_content_sense=&#8220;&#8220; fadeout_row=&#8220;&#8220; fadeout_start_effect=&#8220;&#8220; enable_overlay=&#8220;&#8220; overlay_color=&#8220;&#8220; overlay_pattern=&#8220;&#8220; overlay_pattern_opacity=&#8220;&#8220; overlay_pattern_size=&#8220;&#8220; overlay_pattern_attachment=&#8220;&#8220; multi_color_overlay=&#8220;&#8220; multi_color_overlay_opacity=&#8220;&#8220; seperator_enable=&#8220;&#8220; seperator_type=&#8220;&#8220; seperator_position=&#8220;&#8220; seperator_shape_size=&#8220;&#8220; seperator_svg_height=&#8220;&#8220; seperator_shape_background=&#8220;&#8220; seperator_shape_border=&#8220;&#8220; seperator_shape_border_color=&#8220;&#8220; seperator_shape_border_width=&#8220;&#8220; icon_type=&#8220;&#8220; icon=&#8220;&#8220; icon_size=&#8220;&#8220; icon_color=&#8220;&#8220; icon_style=&#8220;&#8220; icon_color_bg=&#8220;&#8220; icon_border_style=&#8220;&#8220; icon_color_border=&#8220;&#8220; icon_border_size=&#8220;&#8220; icon_border_radius=&#8220;&#8220; icon_border_spacing=&#8220;&#8220; icon_img=&#8220;&#8220; img_width=&#8220;&#8220; ult_hide_row=&#8220;&#8220; ult_hide_row_large_screen=&#8220;&#8220; ult_hide_row_desktop=&#8220;&#8220; ult_hide_row_tablet=&#8220;&#8220; ult_hide_row_tablet_small=&#8220;&#8220; ult_hide_row_mobile=&#8220;&#8220; ult_hide_row_mobile_large=&#8220;&#8220;][vc_column width=&#8220;1\/1&#8243;]<div id=\"ultimate-heading-248469ea6793148e9\" class=\"uvc-heading ult-adjust-bottom-margin ultimate-heading-248469ea6793148e9 uvc-7621 \" data-hspacer=\"no_spacer\"  data-halign=\"left\" style=\"text-align:left\"><div class=\"uvc-heading-spacer no_spacer\" style=\"top\"><\/div><div class=\"uvc-main-heading ult-responsive\"  data-ultimate-target='.uvc-heading.ultimate-heading-248469ea6793148e9 h1'  data-responsive-json-new='{\"font-size\":\"\",\"line-height\":\"\"}' ><h1 style=\"font-weight:normal;color:#1e73be;\">Insel Camiguin Tour<\/h1><\/div><\/div>[\/vc_column][\/vc_row][vc_row][vc_column width=&#8220;2\/3&#8243;][vc_column_text css_animation=&#8220;appear&#8220;]Abfahrt vom <strong><span style=\"color: #000080;\">Blue Star Dive &amp; Resort<\/span> <\/strong>zur <strong><span style=\"color: #000080;\">Insel Camiguin<\/span><\/strong> ist um 6.30 Uhr morgens direkt nach dem Fr\u00fchst\u00fcck. Die Insel Camiguin ist von Anda aus gut sichtbar, die \u00dcberfahrt dauert etwa 3 Stunden. <strong><span style=\"color: #000080;\">Camiguin<\/span><\/strong> ist bekannt als das \u201e<strong><span style=\"color: #000080;\">Tropische Paradies des Asiatischen Kontinents<\/span><\/strong>\u201c und ist ber\u00fchmt f\u00fcr seine <strong><span style=\"color: #000080;\">Pastel<\/span><\/strong>, ein S\u00fcssgeb\u00e4ck mit Karamelf\u00fcllung.<br \/>\n<strong><span style=\"color: #000080;\">Unber\u00fchrte weisse Str\u00e4nde<\/span><\/strong>, heisse und kalte Wasserquellen, <strong><span style=\"color: #000080;\">Wasserf\u00e4lle<\/span><\/strong> und teilweise noch aktive <strong><span style=\"color: #000080;\">Vulkane<\/span><\/strong> sind die Hauptattraktionen dieses Ausflugs. Wir besuchen die heissen Quellen, die Wasserf\u00e4lle und Sie haben die M\u00f6glichkeit auf <strong><span style=\"color: #000080;\">Vulkan-Trekking<\/span><\/strong> und \/ oder einen <strong><span style=\"color: #000080;\">lokalen Markt<\/span><\/strong> zu besuchen.<br \/>\nAm Nachmittag bietet sich die M\u00f6glichkeit an einem lokalen Riff oder am <strong><span style=\"color: #000080;\">gesunkenen Friedhof<\/span> <\/strong>schnorcheln oder tauchen zu gehen. Am gesunkenen Friedhof wurde 1982 ein grosses Kreuz gebaut um dem komunalen Friedhof, der 1871 w\u00e4hrend eines <strong><span style=\"color: #000080;\">Vulkanausbruchs<\/span><\/strong> gesunken ist, zu gedenken. Der gesunkene Friedhof ist einer der meistbesuchten Touristenattraktionen auf <strong><span style=\"color: #000080;\">Camiguin<\/span><\/strong> und einer der <strong><span style=\"color: #000080;\">speziellsten Tauchpl\u00e4tze<\/span><\/strong> dieser Welt. W\u00e4hrend des Tauchens oder Schnorchelns kann man die <strong><span style=\"color: #000080;\">alten Grabsteine<\/span><\/strong> sehen die mittlerweile mit Korallen \u00fcberwachsen sind, dazwischen gibt es grosse Schw\u00e4rme verschiedenster Fische.<br \/>\nMittagessen kann entweder vorbestellt und von uns vorbereitet und mitgebracht werden, oder Sie haben auch die M\u00f6glichkeit sich auf den M\u00e4rkten oder in den Restaurants selber etwas zu besorgen. W\u00e4hrend des ganzen Tages stehen auf dem Boot <strong><span style=\"color: #000080;\">Kaffee, Tee und Wasser<\/span> <\/strong>zur Verf\u00fcgung.<\/p>\n<p><strong>Inklusive:<\/strong><\/p>\n<ul>\n<li>Insel-Trekking und Guide<\/li>\n<li>Schnorcheln<\/li>\n<li>Fr\u00fchst\u00fcck, Snacks und Fr\u00fcchte<\/li>\n<li>Kaffee, Tee, Wasser<\/li>\n<\/ul>\n<p><strong>NICHT inklusive:<\/strong><\/p>\n<ul>\n<li>Tauchen<\/li>\n<li>Tauchausr\u00fcstung<\/li>\n<li>Mittagessen<\/li>\n<li>Bier \/ Softdrinks (steht zur Verf\u00fcgung)<\/li>\n<li>Trinkgelder (Bootscrew, Tauchguides, Tourguides). Trinkgelder sind auf freiwilliger Basis.<\/li>\n<\/ul>\n<p><strong>Verf\u00fcgbarkeit:<\/strong><\/p>\n<ul>\n<li>Saison ist von November bis Ende April<\/li>\n<li>Minimum Teilnehmer: 1 Person<\/li>\n<li>Die Tour wird jeden Mittwoch durchgef\u00fchrt<\/li>\n<\/ul>\n[\/vc_column_text][vc_empty_space height=&#8220;32px&#8220;][vc_column_text]<strong><span style=\"color: #000080;\">Preis: \u20ac 75 p\/p<\/span><\/strong>[\/vc_column_text][\/vc_column][vc_column width=&#8220;1\/3&#8243;][vc_single_image image=&#8220;604&#8243; alignment=&#8220;center&#8220; border_color=&#8220;grey&#8220; img_link_large=&#8220;&#8220; img_link_target=&#8220;_self&#8220; css_animation=&#8220;appear&#8220; img_size=&#8220;medium&#8220;][vc_single_image image=&#8220;605&#8243; alignment=&#8220;center&#8220; border_color=&#8220;grey&#8220; img_link_large=&#8220;&#8220; img_link_target=&#8220;_self&#8220; css_animation=&#8220;appear&#8220; img_size=&#8220;medium&#8220;][vc_single_image image=&#8220;607&#8243; alignment=&#8220;center&#8220; border_color=&#8220;grey&#8220; img_link_large=&#8220;&#8220; img_link_target=&#8220;_self&#8220; css_animation=&#8220;appear&#8220; img_size=&#8220;medium&#8220;][vc_single_image image=&#8220;606&#8243; alignment=&#8220;center&#8220; border_color=&#8220;grey&#8220; img_link_large=&#8220;&#8220; img_link_target=&#8220;_self&#8220; css_animation=&#8220;appear&#8220; img_size=&#8220;medium&#8220;][\/vc_column][\/vc_row]\n<\/div>","protected":false},"excerpt":{"rendered":"<p>[vc_row full_width=&#8220;&#8220; parallax=&#8220;&#8220; parallax_image=&#8220;&#8220; bg_type=&#8220;&#8220; parallax_style=&#8220;&#8220; bg_image_new=&#8220;&#8220; layer_image=&#8220;&#8220; bg_image_repeat=&#8220;&#8220; bg_image_size=&#8220;&#8220; bg_cstm_size=&#8220;&#8220; bg_img_attach=&#8220;&#8220; parallax_sense=&#8220;&#8220; bg_image_posiiton=&#8220;&#8220; animation_direction=&#8220;&#8220; animation_repeat=&#8220;&#8220; video_url=&#8220;&#8220; video_url_2=&#8220;&#8220; u_video_url=&#8220;&#8220; video_opts=&#8220;&#8220; video_poster=&#8220;&#8220; u_start_time=&#8220;&#8220; u_stop_time=&#8220;&#8220; viewport_vdo=&#8220;&#8220; enable_controls=&#8220;&#8220; bg_override=&#8220;&#8220; disable_on_mobile_img_parallax=&#8220;&#8220; parallax_content=&#8220;&#8220; parallax_content_sense=&#8220;&#8220; fadeout_row=&#8220;&#8220; fadeout_start_effect=&#8220;&#8220; enable_overlay=&#8220;&#8220; overlay_color=&#8220;&#8220; overlay_pattern=&#8220;&#8220; overlay_pattern_opacity=&#8220;&#8220; overlay_pattern_size=&#8220;&#8220; overlay_pattern_attachment=&#8220;&#8220; multi_color_overlay=&#8220;&#8220; multi_color_overlay_opacity=&#8220;&#8220; seperator_enable=&#8220;&#8220; seperator_type=&#8220;&#8220; seperator_position=&#8220;&#8220; seperator_shape_size=&#8220;&#8220; seperator_svg_height=&#8220;&#8220; seperator_shape_background=&#8220;&#8220; seperator_shape_border=&#8220;&#8220; seperator_shape_border_color=&#8220;&#8220;<\/p>\n","protected":false},"author":1,"featured_media":0,"parent":0,"menu_order":0,"comment_status":"closed","ping_status":"closed","template":"","meta":{"footnotes":""},"class_list":["post-1123","page","type-page","status-publish","hentry"],"yoast_head":"<!-- This site is optimized with the Yoast SEO plugin v27.4 - https:\/\/yoast.com\/product\/yoast-seo-wordpress\/ -->\n<title>Insel Camiguin Tour - Blue Star Dive &amp; Resort<\/title>\n<meta name=\"description\" content=\"Abfahrt vom Blue Star Dive &amp; Resort zur Insel Camiguin ist um 6.30 Uhr morgens direkt nach dem Fr\u00fchst\u00fcck. Die Insel Camiguin ist von Anda aus gut sichtbar..\" \/>\n<meta name=\"robots\" content=\"index, follow, max-snippet:-1, max-image-preview:large, max-video-preview:-1\" \/>\n<link rel=\"canonical\" href=\"https:\/\/bluestardive.com\/activities\/sea-tours\/camiguin-island\/\" \/>\n<meta property=\"og:locale\" content=\"de_DE\" \/>\n<meta property=\"og:type\" content=\"article\" \/>\n<meta property=\"og:title\" content=\"Insel Camiguin Tour - Blue Star Dive &amp; Resort\" \/>\n<meta property=\"og:description\" content=\"Abfahrt vom Blue Star Dive &amp; Resort zur Insel Camiguin ist um 6.30 Uhr morgens direkt nach dem Fr\u00fchst\u00fcck. Die Insel Camiguin ist von Anda aus gut sichtbar..\" \/>\n<meta property=\"og:url\" content=\"https:\/\/bluestardive.com\/activities\/sea-tours\/camiguin-island\/\" \/>\n<meta property=\"og:site_name\" content=\"Blue Star Dive &amp; Resort\" \/>\n<meta property=\"article:publisher\" content=\"https:\/\/www.facebook.com\/BlueStarDiveAndResort\" \/>\n<meta property=\"article:modified_time\" content=\"2016-11-17T01:30:00+00:00\" \/>\n<meta name=\"twitter:card\" content=\"summary_large_image\" \/>\n<meta name=\"twitter:site\" content=\"@BlueStarResort\" \/>\n<meta name=\"twitter:label1\" content=\"Gesch\u00e4tzte Lesezeit\" \/>\n\t<meta name=\"twitter:data1\" content=\"3\u00a0Minuten\" \/>\n<script type=\"application\/ld+json\" class=\"yoast-schema-graph\">{\"@context\":\"https:\\\/\\\/schema.org\",\"@graph\":[{\"@type\":\"WebPage\",\"@id\":\"https:\\\/\\\/bluestardive.com\\\/activities\\\/sea-tours\\\/camiguin-island\\\/\",\"url\":\"https:\\\/\\\/bluestardive.com\\\/activities\\\/sea-tours\\\/camiguin-island\\\/\",\"name\":\"Insel Camiguin Tour - Blue Star Dive & Resort\",\"isPartOf\":{\"@id\":\"https:\\\/\\\/bluestardive.com\\\/#website\"},\"datePublished\":\"2015-06-10T04:22:33+00:00\",\"dateModified\":\"2016-11-17T01:30:00+00:00\",\"description\":\"Abfahrt vom Blue Star Dive & Resort zur Insel Camiguin ist um 6.30 Uhr morgens direkt nach dem Fr\u00fchst\u00fcck. Die Insel Camiguin ist von Anda aus gut sichtbar..\",\"breadcrumb\":{\"@id\":\"https:\\\/\\\/bluestardive.com\\\/activities\\\/sea-tours\\\/camiguin-island\\\/#breadcrumb\"},\"inLanguage\":\"de\",\"potentialAction\":[{\"@type\":\"ReadAction\",\"target\":[\"https:\\\/\\\/bluestardive.com\\\/activities\\\/sea-tours\\\/camiguin-island\\\/\"]}]},{\"@type\":\"BreadcrumbList\",\"@id\":\"https:\\\/\\\/bluestardive.com\\\/activities\\\/sea-tours\\\/camiguin-island\\\/#breadcrumb\",\"itemListElement\":[{\"@type\":\"ListItem\",\"position\":1,\"name\":\"Start\",\"item\":\"https:\\\/\\\/bluestardive.com\\\/de\\\/\"},{\"@type\":\"ListItem\",\"position\":2,\"name\":\"Insel Camiguin Tour ist bis auf weiters nicht m\u00f6glich.\"}]},{\"@type\":\"WebSite\",\"@id\":\"https:\\\/\\\/bluestardive.com\\\/#website\",\"url\":\"https:\\\/\\\/bluestardive.com\\\/\",\"name\":\"Blue Star Dive &amp; Resort\",\"description\":\"\",\"potentialAction\":[{\"@type\":\"SearchAction\",\"target\":{\"@type\":\"EntryPoint\",\"urlTemplate\":\"https:\\\/\\\/bluestardive.com\\\/?s={search_term_string}\"},\"query-input\":{\"@type\":\"PropertyValueSpecification\",\"valueRequired\":true,\"valueName\":\"search_term_string\"}}],\"inLanguage\":\"de\"}]}<\/script>\n<!-- \/ Yoast SEO plugin. -->","yoast_head_json":{"title":"Insel Camiguin Tour - Blue Star Dive & Resort","description":"Abfahrt vom Blue Star Dive & Resort zur Insel Camiguin ist um 6.30 Uhr morgens direkt nach dem Fr\u00fchst\u00fcck. Die Insel Camiguin ist von Anda aus gut sichtbar..","robots":{"index":"index","follow":"follow","max-snippet":"max-snippet:-1","max-image-preview":"max-image-preview:large","max-video-preview":"max-video-preview:-1"},"canonical":"https:\/\/bluestardive.com\/activities\/sea-tours\/camiguin-island\/","og_locale":"de_DE","og_type":"article","og_title":"Insel Camiguin Tour - Blue Star Dive & Resort","og_description":"Abfahrt vom Blue Star Dive & Resort zur Insel Camiguin ist um 6.30 Uhr morgens direkt nach dem Fr\u00fchst\u00fcck. Die Insel Camiguin ist von Anda aus gut sichtbar..","og_url":"https:\/\/bluestardive.com\/activities\/sea-tours\/camiguin-island\/","og_site_name":"Blue Star Dive &amp; Resort","article_publisher":"https:\/\/www.facebook.com\/BlueStarDiveAndResort","article_modified_time":"2016-11-17T01:30:00+00:00","twitter_card":"summary_large_image","twitter_site":"@BlueStarResort","twitter_misc":{"Gesch\u00e4tzte Lesezeit":"3\u00a0Minuten"},"schema":{"@context":"https:\/\/schema.org","@graph":[{"@type":"WebPage","@id":"https:\/\/bluestardive.com\/activities\/sea-tours\/camiguin-island\/","url":"https:\/\/bluestardive.com\/activities\/sea-tours\/camiguin-island\/","name":"Insel Camiguin Tour - Blue Star Dive & Resort","isPartOf":{"@id":"https:\/\/bluestardive.com\/#website"},"datePublished":"2015-06-10T04:22:33+00:00","dateModified":"2016-11-17T01:30:00+00:00","description":"Abfahrt vom Blue Star Dive & Resort zur Insel Camiguin ist um 6.30 Uhr morgens direkt nach dem Fr\u00fchst\u00fcck. Die Insel Camiguin ist von Anda aus gut sichtbar..","breadcrumb":{"@id":"https:\/\/bluestardive.com\/activities\/sea-tours\/camiguin-island\/#breadcrumb"},"inLanguage":"de","potentialAction":[{"@type":"ReadAction","target":["https:\/\/bluestardive.com\/activities\/sea-tours\/camiguin-island\/"]}]},{"@type":"BreadcrumbList","@id":"https:\/\/bluestardive.com\/activities\/sea-tours\/camiguin-island\/#breadcrumb","itemListElement":[{"@type":"ListItem","position":1,"name":"Start","item":"https:\/\/bluestardive.com\/de\/"},{"@type":"ListItem","position":2,"name":"Insel Camiguin Tour ist bis auf weiters nicht m\u00f6glich."}]},{"@type":"WebSite","@id":"https:\/\/bluestardive.com\/#website","url":"https:\/\/bluestardive.com\/","name":"Blue Star Dive &amp; Resort","description":"","potentialAction":[{"@type":"SearchAction","target":{"@type":"EntryPoint","urlTemplate":"https:\/\/bluestardive.com\/?s={search_term_string}"},"query-input":{"@type":"PropertyValueSpecification","valueRequired":true,"valueName":"search_term_string"}}],"inLanguage":"de"}]}},"jetpack_sharing_enabled":true,"jetpack_shortlink":"https:\/\/wp.me\/P6jqgs-i7","_links":{"self":[{"href":"https:\/\/bluestardive.com\/de\/wp-json\/wp\/v2\/pages\/1123","targetHints":{"allow":["GET"]}}],"collection":[{"href":"https:\/\/bluestardive.com\/de\/wp-json\/wp\/v2\/pages"}],"about":[{"href":"https:\/\/bluestardive.com\/de\/wp-json\/wp\/v2\/types\/page"}],"author":[{"embeddable":true,"href":"https:\/\/bluestardive.com\/de\/wp-json\/wp\/v2\/users\/1"}],"replies":[{"embeddable":true,"href":"https:\/\/bluestardive.com\/de\/wp-json\/wp\/v2\/comments?post=1123"}],"version-history":[{"count":9,"href":"https:\/\/bluestardive.com\/de\/wp-json\/wp\/v2\/pages\/1123\/revisions"}],"predecessor-version":[{"id":2665,"href":"https:\/\/bluestardive.com\/de\/wp-json\/wp\/v2\/pages\/1123\/revisions\/2665"}],"wp:attachment":[{"href":"https:\/\/bluestardive.com\/de\/wp-json\/wp\/v2\/media?parent=1123"}],"curies":[{"name":"wp","href":"https:\/\/api.w.org\/{rel}","templated":true}]}}