{"id":1117,"date":"2015-06-10T11:54:20","date_gmt":"2015-06-10T03:54:20","guid":{"rendered":"http:\/\/bluestardive.com\/?page_id=1117"},"modified":"2015-06-10T12:04:09","modified_gmt":"2015-06-10T04:04:09","slug":"delphin-touren","status":"publish","type":"page","link":"https:\/\/bluestardive.com\/de\/delphin-touren\/","title":{"rendered":"Delphin Touren"},"content":{"rendered":"<div class=\"wpb-content-wrapper\">[vc_row][vc_column width=&#8220;1\/1&#8243;]<div id=\"ultimate-heading-154969ea6b536b2cd\" class=\"uvc-heading ult-adjust-bottom-margin ultimate-heading-154969ea6b536b2cd uvc-9046 \" data-hspacer=\"no_spacer\"  data-halign=\"left\" style=\"text-align:left\"><div class=\"uvc-heading-spacer no_spacer\" style=\"top\"><\/div><div class=\"uvc-main-heading ult-responsive\"  data-ultimate-target='.uvc-heading.ultimate-heading-154969ea6b536b2cd h2'  data-responsive-json-new='{\"font-size\":\"\",\"line-height\":\"\"}' ><h2 style=\"font-weight:normal;color:#053c84;\">Delphin Touren<\/h2><\/div><\/div>[\/vc_column][\/vc_row][vc_row][vc_column width=&#8220;2\/3&#8243;][vc_column_text css_animation=&#8220;appear&#8220;]Bei diesen Delphin Touren sind Sichtungen von bis zu <strong><span style=\"color: #000080;\">7 verschiedenen Arten von Delphinen und Grindwalen<\/span><\/strong> m\u00f6glich. Bei einem fr\u00fchen Start um 5 Uhr morgens sind Sichtungen fast garantiert, sp\u00e4tere Starts sind m\u00f6glich jedoch werden die Chancen geringer.<\/p>\n<p>Vor allem w\u00e4hrend Vollmond kann man bei <strong><span style=\"color: #000080;\">einer Tasse Kaffee oder Tee<\/span><\/strong> von unserem Restaurant aus fr\u00fch am Morgen ebenfalls grosse Delphin- und Grindwal-Schulen beobachten die dann unser Hausriff besuchen.<\/p>\n<p>Die Delphin Touren starten um 5.30 Uhr morgens beim Blue Star Dive &amp; Resort und kehrt vor dem Fr\u00fchst\u00fcck zur\u00fcck.<\/p>\n<p><strong>Inklusive:<\/strong><\/p>\n<ul>\n<li>Bootstrip<\/li>\n<\/ul>\n<p><strong>Verf\u00fcgbarkeit:<\/strong><\/p>\n<ul>\n<li>Minimum Anzahl Teilnehmer: 1 Person<\/li>\n<li>Vorausbuchungen sind nicht m\u00f6glich<\/li>\n<li>Blue Star Dive &amp; Resort nimmt sich das Recht vor, bei schlechtem Wetter den Trip zu verschieben \/ stornieren<\/li>\n<\/ul>\n[\/vc_column_text][\/vc_column][vc_column width=&#8220;1\/3&#8243;][vc_single_image image=&#8220;622&#8243; alignment=&#8220;center&#8220; border_color=&#8220;grey&#8220; img_link_large=&#8220;&#8220; img_link_target=&#8220;_self&#8220; css_animation=&#8220;appear&#8220; img_size=&#8220;medium&#8220;][vc_single_image image=&#8220;623&#8243; alignment=&#8220;center&#8220; border_color=&#8220;grey&#8220; img_link_large=&#8220;&#8220; img_link_target=&#8220;_self&#8220; css_animation=&#8220;appear&#8220; img_size=&#8220;medium&#8220;][\/vc_column][\/vc_row][vc_row full_width=&#8220;&#8220; parallax=&#8220;&#8220; parallax_image=&#8220;&#8220; bg_type=&#8220;&#8220; parallax_style=&#8220;&#8220; bg_image_new=&#8220;&#8220; layer_image=&#8220;&#8220; bg_image_repeat=&#8220;&#8220; bg_image_size=&#8220;&#8220; bg_cstm_size=&#8220;&#8220; bg_img_attach=&#8220;&#8220; parallax_sense=&#8220;&#8220; bg_image_posiiton=&#8220;&#8220; animation_direction=&#8220;&#8220; animation_repeat=&#8220;&#8220; video_url=&#8220;&#8220; video_url_2=&#8220;&#8220; u_video_url=&#8220;&#8220; video_opts=&#8220;&#8220; video_poster=&#8220;&#8220; u_start_time=&#8220;&#8220; u_stop_time=&#8220;&#8220; viewport_vdo=&#8220;&#8220; enable_controls=&#8220;&#8220; bg_override=&#8220;&#8220; disable_on_mobile_img_parallax=&#8220;&#8220; parallax_content=&#8220;&#8220; parallax_content_sense=&#8220;&#8220; fadeout_row=&#8220;&#8220; fadeout_start_effect=&#8220;&#8220; enable_overlay=&#8220;&#8220; overlay_color=&#8220;&#8220; overlay_pattern=&#8220;&#8220; overlay_pattern_opacity=&#8220;&#8220; overlay_pattern_size=&#8220;&#8220; overlay_pattern_attachment=&#8220;&#8220; multi_color_overlay=&#8220;&#8220; multi_color_overlay_opacity=&#8220;&#8220; seperator_enable=&#8220;&#8220; seperator_type=&#8220;&#8220; seperator_position=&#8220;&#8220; seperator_shape_size=&#8220;&#8220; seperator_svg_height=&#8220;&#8220; seperator_shape_background=&#8220;&#8220; seperator_shape_border=&#8220;&#8220; seperator_shape_border_color=&#8220;&#8220; seperator_shape_border_width=&#8220;&#8220; icon_type=&#8220;&#8220; icon=&#8220;&#8220; icon_size=&#8220;&#8220; icon_color=&#8220;&#8220; icon_style=&#8220;&#8220; icon_color_bg=&#8220;&#8220; icon_border_style=&#8220;&#8220; icon_color_border=&#8220;&#8220; icon_border_size=&#8220;&#8220; icon_border_radius=&#8220;&#8220; icon_border_spacing=&#8220;&#8220; icon_img=&#8220;&#8220; img_width=&#8220;&#8220; ult_hide_row=&#8220;&#8220; ult_hide_row_large_screen=&#8220;&#8220; ult_hide_row_desktop=&#8220;&#8220; ult_hide_row_tablet=&#8220;&#8220; ult_hide_row_tablet_small=&#8220;&#8220; ult_hide_row_mobile=&#8220;&#8220; ult_hide_row_mobile_large=&#8220;&#8220;][vc_column width=&#8220;1\/1&#8243;][vc_column_text]<strong><span style=\"color: #000080;\">Preis:<\/span><\/strong>[\/vc_column_text][\/vc_column][\/vc_row][vc_row full_width=&#8220;&#8220; parallax=&#8220;&#8220; parallax_image=&#8220;&#8220; bg_type=&#8220;&#8220; parallax_style=&#8220;&#8220; bg_image_new=&#8220;&#8220; layer_image=&#8220;&#8220; bg_image_repeat=&#8220;&#8220; bg_image_size=&#8220;&#8220; bg_cstm_size=&#8220;&#8220; bg_img_attach=&#8220;&#8220; parallax_sense=&#8220;&#8220; bg_image_posiiton=&#8220;&#8220; animation_direction=&#8220;&#8220; animation_repeat=&#8220;&#8220; video_url=&#8220;&#8220; video_url_2=&#8220;&#8220; u_video_url=&#8220;&#8220; video_opts=&#8220;&#8220; video_poster=&#8220;&#8220; u_start_time=&#8220;&#8220; u_stop_time=&#8220;&#8220; viewport_vdo=&#8220;&#8220; enable_controls=&#8220;&#8220; bg_override=&#8220;&#8220; disable_on_mobile_img_parallax=&#8220;&#8220; parallax_content=&#8220;&#8220; parallax_content_sense=&#8220;&#8220; fadeout_row=&#8220;&#8220; fadeout_start_effect=&#8220;&#8220; enable_overlay=&#8220;&#8220; overlay_color=&#8220;&#8220; overlay_pattern=&#8220;&#8220; overlay_pattern_opacity=&#8220;&#8220; overlay_pattern_size=&#8220;&#8220; overlay_pattern_attachment=&#8220;&#8220; multi_color_overlay=&#8220;&#8220; multi_color_overlay_opacity=&#8220;&#8220; seperator_enable=&#8220;&#8220; seperator_type=&#8220;&#8220; seperator_position=&#8220;&#8220; seperator_shape_size=&#8220;&#8220; seperator_svg_height=&#8220;&#8220; seperator_shape_background=&#8220;&#8220; seperator_shape_border=&#8220;&#8220; seperator_shape_border_color=&#8220;&#8220; seperator_shape_border_width=&#8220;&#8220; icon_type=&#8220;&#8220; icon=&#8220;&#8220; icon_size=&#8220;&#8220; icon_color=&#8220;&#8220; icon_style=&#8220;&#8220; icon_color_bg=&#8220;&#8220; icon_border_style=&#8220;&#8220; icon_color_border=&#8220;&#8220; icon_border_size=&#8220;&#8220; icon_border_radius=&#8220;&#8220; icon_border_spacing=&#8220;&#8220; icon_img=&#8220;&#8220; img_width=&#8220;&#8220; ult_hide_row=&#8220;&#8220; ult_hide_row_large_screen=&#8220;&#8220; ult_hide_row_desktop=&#8220;&#8220; ult_hide_row_tablet=&#8220;&#8220; ult_hide_row_tablet_small=&#8220;&#8220; ult_hide_row_mobile=&#8220;&#8220; ult_hide_row_mobile_large=&#8220;&#8220;][vc_column width=&#8220;1\/4&#8243;][vc_single_image image=&#8220;618&#8243; alignment=&#8220;center&#8220; border_color=&#8220;grey&#8220; img_link_large=&#8220;&#8220; img_link_target=&#8220;_self&#8220; img_size=&#8220;16&#215;26&#8243;][vc_column_text]\n<p style=\"text-align: center;\">\u20ac 50<\/p>\n[\/vc_column_text][\/vc_column][vc_column width=&#8220;1\/4&#8243;][vc_single_image image=&#8220;619&#8243; alignment=&#8220;center&#8220; border_color=&#8220;grey&#8220; img_link_large=&#8220;&#8220; img_link_target=&#8220;_self&#8220; img_size=&#8220;28&#215;26&#8243;][vc_column_text]\n<p style=\"text-align: center;\">\u20ac 60<\/p>\n[\/vc_column_text][\/vc_column][vc_column width=&#8220;1\/4&#8243;][vc_single_image image=&#8220;620&#8243; alignment=&#8220;center&#8220; border_color=&#8220;grey&#8220; img_link_large=&#8220;&#8220; img_link_target=&#8220;_self&#8220; img_size=&#8220;40&#215;26&#8243;][vc_column_text]\n<p style=\"text-align: center;\">\u20ac 70<\/p>\n[\/vc_column_text][\/vc_column][vc_column width=&#8220;1\/4&#8243;][vc_single_image image=&#8220;621&#8243; alignment=&#8220;center&#8220; border_color=&#8220;grey&#8220; img_link_large=&#8220;&#8220; img_link_target=&#8220;_self&#8220; img_size=&#8220;58&#215;26&#8243;][vc_column_text]\n<p style=\"text-align: center;\">\u20ac 80<\/p>\n[\/vc_column_text][\/vc_column][\/vc_row]\n<\/div>","protected":false},"excerpt":{"rendered":"<p>[vc_row][vc_column width=&#8220;1\/1&#8243;][\/vc_column][\/vc_row][vc_row][vc_column width=&#8220;2\/3&#8243;][vc_column_text css_animation=&#8220;appear&#8220;]Bei diesen Delphin Touren sind Sichtungen von bis zu 7 verschiedenen Arten von Delphinen und Grindwalen m\u00f6glich. Bei einem fr\u00fchen Start um 5 Uhr morgens sind Sichtungen fast garantiert, sp\u00e4tere Starts sind m\u00f6glich jedoch werden die Chancen geringer. Vor allem w\u00e4hrend Vollmond kann man<\/p>\n","protected":false},"author":1,"featured_media":0,"parent":0,"menu_order":0,"comment_status":"closed","ping_status":"closed","template":"","meta":{"footnotes":""},"class_list":["post-1117","page","type-page","status-publish","hentry"],"yoast_head":"<!-- This site is optimized with the Yoast SEO plugin v27.4 - https:\/\/yoast.com\/product\/yoast-seo-wordpress\/ -->\n<title>Delphin Touren - Blue Star Dive &amp; Resort<\/title>\n<meta name=\"description\" content=\"Bei diesen Delphin Touren sind Sichtungen von bis zu 7 verschiedenen Arten von Delphinen und Grindwalen m\u00f6glich. Bei einem fr\u00fchen Start um 5 Uhr morgens sind\" \/>\n<meta name=\"robots\" content=\"index, follow, max-snippet:-1, max-image-preview:large, max-video-preview:-1\" \/>\n<link rel=\"canonical\" href=\"https:\/\/bluestardive.com\/activities\/sea-tours\/dolphin-watching\/\" \/>\n<meta property=\"og:locale\" content=\"de_DE\" \/>\n<meta property=\"og:type\" content=\"article\" \/>\n<meta property=\"og:title\" content=\"Delphin Touren - Blue Star Dive &amp; Resort\" \/>\n<meta property=\"og:description\" content=\"Bei diesen Delphin Touren sind Sichtungen von bis zu 7 verschiedenen Arten von Delphinen und Grindwalen m\u00f6glich. Bei einem fr\u00fchen Start um 5 Uhr morgens sind\" \/>\n<meta property=\"og:url\" content=\"https:\/\/bluestardive.com\/activities\/sea-tours\/dolphin-watching\/\" \/>\n<meta property=\"og:site_name\" content=\"Blue Star Dive &amp; Resort\" \/>\n<meta property=\"article:publisher\" content=\"https:\/\/www.facebook.com\/BlueStarDiveAndResort\" \/>\n<meta property=\"article:modified_time\" content=\"2015-06-10T04:04:09+00:00\" \/>\n<meta name=\"twitter:card\" content=\"summary_large_image\" \/>\n<meta name=\"twitter:site\" content=\"@BlueStarResort\" \/>\n<meta name=\"twitter:label1\" content=\"Gesch\u00e4tzte Lesezeit\" \/>\n\t<meta name=\"twitter:data1\" content=\"4\u00a0Minuten\" \/>\n<script type=\"application\/ld+json\" class=\"yoast-schema-graph\">{\"@context\":\"https:\\\/\\\/schema.org\",\"@graph\":[{\"@type\":\"WebPage\",\"@id\":\"https:\\\/\\\/bluestardive.com\\\/activities\\\/sea-tours\\\/dolphin-watching\\\/\",\"url\":\"https:\\\/\\\/bluestardive.com\\\/activities\\\/sea-tours\\\/dolphin-watching\\\/\",\"name\":\"Delphin Touren - Blue Star Dive & Resort\",\"isPartOf\":{\"@id\":\"https:\\\/\\\/bluestardive.com\\\/#website\"},\"datePublished\":\"2015-06-10T03:54:20+00:00\",\"dateModified\":\"2015-06-10T04:04:09+00:00\",\"description\":\"Bei diesen Delphin Touren sind Sichtungen von bis zu 7 verschiedenen Arten von Delphinen und Grindwalen m\u00f6glich. Bei einem fr\u00fchen Start um 5 Uhr morgens sind\",\"breadcrumb\":{\"@id\":\"https:\\\/\\\/bluestardive.com\\\/activities\\\/sea-tours\\\/dolphin-watching\\\/#breadcrumb\"},\"inLanguage\":\"de\",\"potentialAction\":[{\"@type\":\"ReadAction\",\"target\":[\"https:\\\/\\\/bluestardive.com\\\/activities\\\/sea-tours\\\/dolphin-watching\\\/\"]}]},{\"@type\":\"BreadcrumbList\",\"@id\":\"https:\\\/\\\/bluestardive.com\\\/activities\\\/sea-tours\\\/dolphin-watching\\\/#breadcrumb\",\"itemListElement\":[{\"@type\":\"ListItem\",\"position\":1,\"name\":\"Start\",\"item\":\"https:\\\/\\\/bluestardive.com\\\/de\\\/\"},{\"@type\":\"ListItem\",\"position\":2,\"name\":\"Delphin Touren\"}]},{\"@type\":\"WebSite\",\"@id\":\"https:\\\/\\\/bluestardive.com\\\/#website\",\"url\":\"https:\\\/\\\/bluestardive.com\\\/\",\"name\":\"Blue Star Dive &amp; Resort\",\"description\":\"\",\"potentialAction\":[{\"@type\":\"SearchAction\",\"target\":{\"@type\":\"EntryPoint\",\"urlTemplate\":\"https:\\\/\\\/bluestardive.com\\\/?s={search_term_string}\"},\"query-input\":{\"@type\":\"PropertyValueSpecification\",\"valueRequired\":true,\"valueName\":\"search_term_string\"}}],\"inLanguage\":\"de\"}]}<\/script>\n<!-- \/ Yoast SEO plugin. -->","yoast_head_json":{"title":"Delphin Touren - Blue Star Dive & Resort","description":"Bei diesen Delphin Touren sind Sichtungen von bis zu 7 verschiedenen Arten von Delphinen und Grindwalen m\u00f6glich. Bei einem fr\u00fchen Start um 5 Uhr morgens sind","robots":{"index":"index","follow":"follow","max-snippet":"max-snippet:-1","max-image-preview":"max-image-preview:large","max-video-preview":"max-video-preview:-1"},"canonical":"https:\/\/bluestardive.com\/activities\/sea-tours\/dolphin-watching\/","og_locale":"de_DE","og_type":"article","og_title":"Delphin Touren - Blue Star Dive & Resort","og_description":"Bei diesen Delphin Touren sind Sichtungen von bis zu 7 verschiedenen Arten von Delphinen und Grindwalen m\u00f6glich. Bei einem fr\u00fchen Start um 5 Uhr morgens sind","og_url":"https:\/\/bluestardive.com\/activities\/sea-tours\/dolphin-watching\/","og_site_name":"Blue Star Dive &amp; Resort","article_publisher":"https:\/\/www.facebook.com\/BlueStarDiveAndResort","article_modified_time":"2015-06-10T04:04:09+00:00","twitter_card":"summary_large_image","twitter_site":"@BlueStarResort","twitter_misc":{"Gesch\u00e4tzte Lesezeit":"4\u00a0Minuten"},"schema":{"@context":"https:\/\/schema.org","@graph":[{"@type":"WebPage","@id":"https:\/\/bluestardive.com\/activities\/sea-tours\/dolphin-watching\/","url":"https:\/\/bluestardive.com\/activities\/sea-tours\/dolphin-watching\/","name":"Delphin Touren - Blue Star Dive & Resort","isPartOf":{"@id":"https:\/\/bluestardive.com\/#website"},"datePublished":"2015-06-10T03:54:20+00:00","dateModified":"2015-06-10T04:04:09+00:00","description":"Bei diesen Delphin Touren sind Sichtungen von bis zu 7 verschiedenen Arten von Delphinen und Grindwalen m\u00f6glich. Bei einem fr\u00fchen Start um 5 Uhr morgens sind","breadcrumb":{"@id":"https:\/\/bluestardive.com\/activities\/sea-tours\/dolphin-watching\/#breadcrumb"},"inLanguage":"de","potentialAction":[{"@type":"ReadAction","target":["https:\/\/bluestardive.com\/activities\/sea-tours\/dolphin-watching\/"]}]},{"@type":"BreadcrumbList","@id":"https:\/\/bluestardive.com\/activities\/sea-tours\/dolphin-watching\/#breadcrumb","itemListElement":[{"@type":"ListItem","position":1,"name":"Start","item":"https:\/\/bluestardive.com\/de\/"},{"@type":"ListItem","position":2,"name":"Delphin Touren"}]},{"@type":"WebSite","@id":"https:\/\/bluestardive.com\/#website","url":"https:\/\/bluestardive.com\/","name":"Blue Star Dive &amp; Resort","description":"","potentialAction":[{"@type":"SearchAction","target":{"@type":"EntryPoint","urlTemplate":"https:\/\/bluestardive.com\/?s={search_term_string}"},"query-input":{"@type":"PropertyValueSpecification","valueRequired":true,"valueName":"search_term_string"}}],"inLanguage":"de"}]}},"jetpack_sharing_enabled":true,"jetpack_shortlink":"https:\/\/wp.me\/P6jqgs-i1","_links":{"self":[{"href":"https:\/\/bluestardive.com\/de\/wp-json\/wp\/v2\/pages\/1117","targetHints":{"allow":["GET"]}}],"collection":[{"href":"https:\/\/bluestardive.com\/de\/wp-json\/wp\/v2\/pages"}],"about":[{"href":"https:\/\/bluestardive.com\/de\/wp-json\/wp\/v2\/types\/page"}],"author":[{"embeddable":true,"href":"https:\/\/bluestardive.com\/de\/wp-json\/wp\/v2\/users\/1"}],"replies":[{"embeddable":true,"href":"https:\/\/bluestardive.com\/de\/wp-json\/wp\/v2\/comments?post=1117"}],"version-history":[{"count":5,"href":"https:\/\/bluestardive.com\/de\/wp-json\/wp\/v2\/pages\/1117\/revisions"}],"predecessor-version":[{"id":1120,"href":"https:\/\/bluestardive.com\/de\/wp-json\/wp\/v2\/pages\/1117\/revisions\/1120"}],"wp:attachment":[{"href":"https:\/\/bluestardive.com\/de\/wp-json\/wp\/v2\/media?parent=1117"}],"curies":[{"name":"wp","href":"https:\/\/api.w.org\/{rel}","templated":true}]}}