{"id":1110,"date":"2015-06-10T09:59:31","date_gmt":"2015-06-10T01:59:31","guid":{"rendered":"http:\/\/bluestardive.com\/?page_id=1110"},"modified":"2015-10-08T06:48:24","modified_gmt":"2015-10-07T22:48:24","slug":"lamanoc-island","status":"publish","type":"page","link":"https:\/\/bluestardive.com\/de\/lamanoc-island\/","title":{"rendered":"Lamanoc Island"},"content":{"rendered":"<div class=\"wpb-content-wrapper\">[vc_row][vc_column width=&#8220;1\/2&#8243;][vc_column_text css_animation=&#8220;appear&#8220;]Einige Kilometer nach <strong><span style=\"color: #000080;\">Anda<\/span> <\/strong>kommen wir am Startpunkt unserer <strong><span style=\"color: #000080;\">Lamanoc Island Mystic Tour<\/span><\/strong> an. Zu Beginn \u00fcberqueren wir eine lange Bambus-Br\u00fccke die \u00fcber einen <strong><span style=\"color: #000080;\">Mangroven-Wald<\/span><\/strong> f\u00fchrt. Hier hat man gen\u00fcgend Zeit die <strong><span style=\"color: #000080;\">Wurzeln dieser faszinierenden B\u00e4ume<\/span><\/strong> zu studieren sowie die <strong><span style=\"color: #000080;\">Tiere zu beobachten die dazwischen leben<\/span><\/strong>.<br \/>\nAm Ende der Br\u00fccke erreicht man ein <strong><span style=\"color: #000080;\">H\u00e4uschen auf Stelzen<\/span><\/strong>, dort wird man von <strong><span style=\"color: #000080;\">Bankas<\/span> <\/strong>abgeholt, und nach einer kurzen \u00dcberfahrt nur wenige Zentimeter \u00fcber der Meeresoberfl\u00e4che erreicht man<strong><span style=\"color: #000080;\"> Lamanoc Point<\/span><\/strong>. Bei Bankas handelt es sich um kleine Holzboote die von den <strong><span style=\"color: #000080;\">Fischern schon seit Jahrhunderten verwendet<\/span> <\/strong>werden.<br \/>\nAm <strong><span style=\"color: #000080;\">Lamanoc Point<\/span><\/strong> findet man nicht nur ein <strong><span style=\"color: #000080;\">wundersch\u00f6nes Naturgebiet<\/span> <\/strong>mit vielen verschiedenen Pflanzen- und Tierarten, inklusive einiger <strong><span style=\"color: #000080;\">einheimischen Affenarten<\/span><\/strong>, Lamanoc Point ist ebenfalls mit einer langen <strong><span style=\"color: #000080;\">mystischen Geschichte<\/span><\/strong> verbunden. Vor der Kolonialzeit galt es als heiliger Platz an dem lokale Priester und Medizinm\u00e4nner (<strong><span style=\"color: #000080;\">baylan oder tambalan<\/span><\/strong>) ihre Opfergaben an die Naturgeister (<strong><span style=\"color: #000080;\">diwata<\/span><\/strong>) \u00fcbergaben und damit f\u00fcr eine<strong><span style=\"color: #000080;\"> gute Ernte<\/span><\/strong> oder <strong><span style=\"color: #000080;\">reichlichen Fischfang<\/span><\/strong> baten. Diese Praktiken wurden noch lange nach der Verbreitung des Katholozismum durch die Spanier weitergef\u00fchrt, jedoch wurden die traditionellen Br\u00e4uche mit den neuen Lehren vermischt. Die mystische Atmosph\u00e4re an diesem Ort wird durch die vielen <strong><span style=\"color: #000080;\">Balete B\u00e4ume<\/span><\/strong> mit den zahlreichen <strong><span style=\"color: #000080;\">knorrigen Wurzeln<\/span><\/strong> noch verst\u00e4rkt.<br \/>\n<img loading=\"lazy\" decoding=\"async\" class=\"aligncenter wp-image-808 size-full\" src=\"https:\/\/bluestardive.com\/wp-content\/uploads\/2015\/05\/grave.jpg\" alt=\"grave\" width=\"960\" height=\"515\" srcset=\"https:\/\/bluestardive.com\/wp-content\/uploads\/2015\/05\/grave.jpg 960w, https:\/\/bluestardive.com\/wp-content\/uploads\/2015\/05\/grave-300x161.jpg 300w\" sizes=\"auto, (max-width: 960px) 100vw, 960px\" \/>Einige der H\u00f6hlen wurden fr\u00fcher als <strong><span style=\"color: #000080;\">Grabst\u00e4tte<\/span> <\/strong>benutzt und man kann nach wie vor die \u00dcberreste einiger sogenannter \u201e<strong><span style=\"color: #000080;\">Bootss\u00e4rge<\/span><\/strong>\u201c finden, S\u00e4rge die aus aufgeh\u00f6hlten Baumst\u00e4mmen hergestellt wurden, \u00e4hnlich der Herstellung von Fischerbooten. Zudem sieht man ebenfalls noch <strong><span style=\"color: #000080;\">Tonkr\u00fcge<\/span><\/strong> die leider von Schatzr\u00e4ubern zerbrochen wurden weil sie darin Gold vermuteten. Alles was sie jedoch gefunden haben waren <strong><span style=\"color: #000080;\">menschliche \u00dcberreste<\/span><\/strong>, und durch das Besch\u00e4digen der Tonkr\u00fcge wurden die Grabst\u00e4tten entweiht und ein <strong><span style=\"color: #000080;\">grosser Teil des Kulturerbes zers\u00f6rt<\/span><\/strong>.[\/vc_column_text][\/vc_column][vc_column width=&#8220;1\/2&#8243;][vc_single_image image=&#8220;807&#8243; alignment=&#8220;center&#8220; border_color=&#8220;grey&#8220; img_link_large=&#8220;&#8220; img_link_target=&#8220;_self&#8220; css_animation=&#8220;appear&#8220; img_size=&#8220;large&#8220;][vc_column_text]In den H\u00f6hlen sind ebenfalls noch <strong><span style=\"color: #000080;\">pr\u00e4historische Wandmalereien<\/span><\/strong> zu entdecken, die von den Menschen fr\u00fcher mit H\u00e4matit-Pigmenten (rotes Eisenoxid) <strong><span style=\"color: #000080;\">mit den Fingern gemalt<\/span> <\/strong>wurden. Ein lokaler Glaube sagt, dass diese Farbe das <strong><span style=\"color: #000080;\">Blut von Piraten<\/span><\/strong> war die von Engeln umgebracht wurden.<br \/>\nAuch die Natur hat ihre k\u00fcnstlerische Art bewiesen mit einigen interessanten Formationen von <strong><span style=\"color: #000080;\">Stalaktiten und Stalagmiten<\/span><\/strong>, inklusiver einer ganzen Reihe Stalaktiten die den Eindruck von <strong><span style=\"color: #000080;\">Haifisch-Z\u00e4hnen<\/span><\/strong> geben. Eine andere Seltenheit ist eine <strong><span style=\"color: #000080;\">M\u00f6rdermuschel<\/span> <\/strong>eingebettet in einen Fels. Dies zeigt deutlich dass diesse Felsen in der Vergangenheit <strong><span style=\"color: #000080;\">aus dem Meer erhoben<\/span><\/strong> wurden. Dass dieser Prozess noch nicht abgeschlossen ist hat sich dramatisch gezeigt w\u00e4hrend des <strong><span style=\"color: #000080;\">Erdbebens am 15. Oktober 2013<\/span><\/strong>, als Punta Cruz, welches auf der gegen\u00fcberliegenden Seite von Bohol liegt, <strong><span style=\"color: #000080;\">mehr als einen Meter<\/span><\/strong> erhoben wurde. Dadurch ist die K\u00fcste um 50 \u2013 100 Meter zur\u00fcckgegangen. Nach so einem Ereignis beginnt das Meer die relativ weichen Felsen zu <strong><span style=\"color: #000080;\">erodieren<\/span><\/strong>, was zu den typischen <strong><span style=\"color: #000080;\">\u00fcberh\u00e4ngenden W\u00e4nden<\/span><\/strong> f\u00fchrt die man auf der Insel Lamanoc bewundern kann.[\/vc_column_text][\/vc_column][\/vc_row][vc_row][vc_column width=&#8220;2\/3&#8243;][vc_column_text]\n<p><strong><span style=\"color: #000080;\">Preis: \u20ac 20.00<\/span><\/strong><\/p>\n[\/vc_column_text][\/vc_column][vc_column width=&#8220;1\/3&#8243;]\n[\/vc_column][\/vc_row][vc_row][vc_column width=&#8220;2\/3&#8243;][vc_column_text css_animation=&#8220;appear&#8220;]<em>Alle Touren sind inklusive Fahrzeug und Guide, maximale Anzahl per Fahrzeug sind vier Personen.<br \/>\nEintrittsgeb\u00fchren, Trinkgelder und Mittagessen sind nicht inbegriffen, ein Imbiss kann auf Anfrage vorbereitet werden.<br \/>\n<\/em>[\/vc_column_text][\/vc_column][vc_column width=&#8220;1\/3&#8243;][vc_single_image image=&#8220;621&#8243; border_color=&#8220;grey&#8220; img_link_large=&#8220;&#8220; img_link_target=&#8220;_self&#8220; css_animation=&#8220;appear&#8220; img_size=&#8220;58&#215;26&#8243;][\/vc_column][\/vc_row]\n<\/div>","protected":false},"excerpt":{"rendered":"<p>[vc_row][vc_column width=&#8220;1\/2&#8243;][vc_column_text css_animation=&#8220;appear&#8220;]Einige Kilometer nach Anda kommen wir am Startpunkt unserer Lamanoc Island Mystic Tour an. Zu Beginn \u00fcberqueren wir eine lange Bambus-Br\u00fccke die \u00fcber einen Mangroven-Wald f\u00fchrt. Hier hat man gen\u00fcgend Zeit die Wurzeln dieser faszinierenden B\u00e4ume zu studieren sowie die Tiere zu beobachten die dazwischen<\/p>\n","protected":false},"author":1,"featured_media":0,"parent":0,"menu_order":0,"comment_status":"closed","ping_status":"closed","template":"","meta":{"footnotes":""},"class_list":["post-1110","page","type-page","status-publish","hentry"],"yoast_head":"<!-- This site is optimized with the Yoast SEO plugin v27.4 - https:\/\/yoast.com\/product\/yoast-seo-wordpress\/ -->\n<title>Lamanoc Island - Blue Star Dive &amp; Resort<\/title>\n<meta name=\"description\" content=\"Einige Kilometer nach Anda kommen wir am Startpunkt unserer Lamanoc Island Mystic Tour an. Zu Beginn \u00fcberqueren wir eine lange Bambus-Br\u00fccke die \u00fcber einen\" \/>\n<meta name=\"robots\" content=\"index, follow, max-snippet:-1, max-image-preview:large, max-video-preview:-1\" \/>\n<link rel=\"canonical\" href=\"https:\/\/bluestardive.com\/activities\/land-tours\/lamanoc-island\/\" \/>\n<meta property=\"og:locale\" content=\"de_DE\" \/>\n<meta property=\"og:type\" content=\"article\" \/>\n<meta property=\"og:title\" content=\"Lamanoc Island - Blue Star Dive &amp; Resort\" \/>\n<meta property=\"og:description\" content=\"Einige Kilometer nach Anda kommen wir am Startpunkt unserer Lamanoc Island Mystic Tour an. Zu Beginn \u00fcberqueren wir eine lange Bambus-Br\u00fccke die \u00fcber einen\" \/>\n<meta property=\"og:url\" content=\"https:\/\/bluestardive.com\/activities\/land-tours\/lamanoc-island\/\" \/>\n<meta property=\"og:site_name\" content=\"Blue Star Dive &amp; Resort\" \/>\n<meta property=\"article:publisher\" content=\"https:\/\/www.facebook.com\/BlueStarDiveAndResort\" \/>\n<meta property=\"article:modified_time\" content=\"2015-10-07T22:48:24+00:00\" \/>\n<meta property=\"og:image\" content=\"https:\/\/bluestardive.com\/wp-content\/uploads\/2015\/05\/grave.jpg\" \/>\n\t<meta property=\"og:image:width\" content=\"960\" \/>\n\t<meta property=\"og:image:height\" content=\"515\" \/>\n\t<meta property=\"og:image:type\" content=\"image\/jpeg\" \/>\n<meta name=\"twitter:card\" content=\"summary_large_image\" \/>\n<meta name=\"twitter:site\" content=\"@BlueStarResort\" \/>\n<meta name=\"twitter:label1\" content=\"Gesch\u00e4tzte Lesezeit\" \/>\n\t<meta name=\"twitter:data1\" content=\"3\u00a0Minuten\" \/>\n<script type=\"application\/ld+json\" class=\"yoast-schema-graph\">{\"@context\":\"https:\\\/\\\/schema.org\",\"@graph\":[{\"@type\":\"WebPage\",\"@id\":\"https:\\\/\\\/bluestardive.com\\\/activities\\\/land-tours\\\/lamanoc-island\\\/\",\"url\":\"https:\\\/\\\/bluestardive.com\\\/activities\\\/land-tours\\\/lamanoc-island\\\/\",\"name\":\"Lamanoc Island - Blue Star Dive & Resort\",\"isPartOf\":{\"@id\":\"https:\\\/\\\/bluestardive.com\\\/#website\"},\"primaryImageOfPage\":{\"@id\":\"https:\\\/\\\/bluestardive.com\\\/activities\\\/land-tours\\\/lamanoc-island\\\/#primaryimage\"},\"image\":{\"@id\":\"https:\\\/\\\/bluestardive.com\\\/activities\\\/land-tours\\\/lamanoc-island\\\/#primaryimage\"},\"thumbnailUrl\":\"https:\\\/\\\/bluestardive.com\\\/wp-content\\\/uploads\\\/2015\\\/05\\\/grave.jpg\",\"datePublished\":\"2015-06-10T01:59:31+00:00\",\"dateModified\":\"2015-10-07T22:48:24+00:00\",\"description\":\"Einige Kilometer nach Anda kommen wir am Startpunkt unserer Lamanoc Island Mystic Tour an. Zu Beginn \u00fcberqueren wir eine lange Bambus-Br\u00fccke die \u00fcber einen\",\"breadcrumb\":{\"@id\":\"https:\\\/\\\/bluestardive.com\\\/activities\\\/land-tours\\\/lamanoc-island\\\/#breadcrumb\"},\"inLanguage\":\"de\",\"potentialAction\":[{\"@type\":\"ReadAction\",\"target\":[\"https:\\\/\\\/bluestardive.com\\\/activities\\\/land-tours\\\/lamanoc-island\\\/\"]}]},{\"@type\":\"ImageObject\",\"inLanguage\":\"de\",\"@id\":\"https:\\\/\\\/bluestardive.com\\\/activities\\\/land-tours\\\/lamanoc-island\\\/#primaryimage\",\"url\":\"https:\\\/\\\/bluestardive.com\\\/wp-content\\\/uploads\\\/2015\\\/05\\\/grave.jpg\",\"contentUrl\":\"https:\\\/\\\/bluestardive.com\\\/wp-content\\\/uploads\\\/2015\\\/05\\\/grave.jpg\"},{\"@type\":\"BreadcrumbList\",\"@id\":\"https:\\\/\\\/bluestardive.com\\\/activities\\\/land-tours\\\/lamanoc-island\\\/#breadcrumb\",\"itemListElement\":[{\"@type\":\"ListItem\",\"position\":1,\"name\":\"Start\",\"item\":\"https:\\\/\\\/bluestardive.com\\\/de\\\/\"},{\"@type\":\"ListItem\",\"position\":2,\"name\":\"Lamanoc Island\"}]},{\"@type\":\"WebSite\",\"@id\":\"https:\\\/\\\/bluestardive.com\\\/#website\",\"url\":\"https:\\\/\\\/bluestardive.com\\\/\",\"name\":\"Blue Star Dive &amp; Resort\",\"description\":\"\",\"potentialAction\":[{\"@type\":\"SearchAction\",\"target\":{\"@type\":\"EntryPoint\",\"urlTemplate\":\"https:\\\/\\\/bluestardive.com\\\/?s={search_term_string}\"},\"query-input\":{\"@type\":\"PropertyValueSpecification\",\"valueRequired\":true,\"valueName\":\"search_term_string\"}}],\"inLanguage\":\"de\"}]}<\/script>\n<!-- \/ Yoast SEO plugin. -->","yoast_head_json":{"title":"Lamanoc Island - Blue Star Dive & Resort","description":"Einige Kilometer nach Anda kommen wir am Startpunkt unserer Lamanoc Island Mystic Tour an. Zu Beginn \u00fcberqueren wir eine lange Bambus-Br\u00fccke die \u00fcber einen","robots":{"index":"index","follow":"follow","max-snippet":"max-snippet:-1","max-image-preview":"max-image-preview:large","max-video-preview":"max-video-preview:-1"},"canonical":"https:\/\/bluestardive.com\/activities\/land-tours\/lamanoc-island\/","og_locale":"de_DE","og_type":"article","og_title":"Lamanoc Island - Blue Star Dive & Resort","og_description":"Einige Kilometer nach Anda kommen wir am Startpunkt unserer Lamanoc Island Mystic Tour an. Zu Beginn \u00fcberqueren wir eine lange Bambus-Br\u00fccke die \u00fcber einen","og_url":"https:\/\/bluestardive.com\/activities\/land-tours\/lamanoc-island\/","og_site_name":"Blue Star Dive &amp; Resort","article_publisher":"https:\/\/www.facebook.com\/BlueStarDiveAndResort","article_modified_time":"2015-10-07T22:48:24+00:00","og_image":[{"width":960,"height":515,"url":"https:\/\/bluestardive.com\/wp-content\/uploads\/2015\/05\/grave.jpg","type":"image\/jpeg"}],"twitter_card":"summary_large_image","twitter_site":"@BlueStarResort","twitter_misc":{"Gesch\u00e4tzte Lesezeit":"3\u00a0Minuten"},"schema":{"@context":"https:\/\/schema.org","@graph":[{"@type":"WebPage","@id":"https:\/\/bluestardive.com\/activities\/land-tours\/lamanoc-island\/","url":"https:\/\/bluestardive.com\/activities\/land-tours\/lamanoc-island\/","name":"Lamanoc Island - Blue Star Dive & Resort","isPartOf":{"@id":"https:\/\/bluestardive.com\/#website"},"primaryImageOfPage":{"@id":"https:\/\/bluestardive.com\/activities\/land-tours\/lamanoc-island\/#primaryimage"},"image":{"@id":"https:\/\/bluestardive.com\/activities\/land-tours\/lamanoc-island\/#primaryimage"},"thumbnailUrl":"https:\/\/bluestardive.com\/wp-content\/uploads\/2015\/05\/grave.jpg","datePublished":"2015-06-10T01:59:31+00:00","dateModified":"2015-10-07T22:48:24+00:00","description":"Einige Kilometer nach Anda kommen wir am Startpunkt unserer Lamanoc Island Mystic Tour an. Zu Beginn \u00fcberqueren wir eine lange Bambus-Br\u00fccke die \u00fcber einen","breadcrumb":{"@id":"https:\/\/bluestardive.com\/activities\/land-tours\/lamanoc-island\/#breadcrumb"},"inLanguage":"de","potentialAction":[{"@type":"ReadAction","target":["https:\/\/bluestardive.com\/activities\/land-tours\/lamanoc-island\/"]}]},{"@type":"ImageObject","inLanguage":"de","@id":"https:\/\/bluestardive.com\/activities\/land-tours\/lamanoc-island\/#primaryimage","url":"https:\/\/bluestardive.com\/wp-content\/uploads\/2015\/05\/grave.jpg","contentUrl":"https:\/\/bluestardive.com\/wp-content\/uploads\/2015\/05\/grave.jpg"},{"@type":"BreadcrumbList","@id":"https:\/\/bluestardive.com\/activities\/land-tours\/lamanoc-island\/#breadcrumb","itemListElement":[{"@type":"ListItem","position":1,"name":"Start","item":"https:\/\/bluestardive.com\/de\/"},{"@type":"ListItem","position":2,"name":"Lamanoc Island"}]},{"@type":"WebSite","@id":"https:\/\/bluestardive.com\/#website","url":"https:\/\/bluestardive.com\/","name":"Blue Star Dive &amp; Resort","description":"","potentialAction":[{"@type":"SearchAction","target":{"@type":"EntryPoint","urlTemplate":"https:\/\/bluestardive.com\/?s={search_term_string}"},"query-input":{"@type":"PropertyValueSpecification","valueRequired":true,"valueName":"search_term_string"}}],"inLanguage":"de"}]}},"jetpack_sharing_enabled":true,"jetpack_shortlink":"https:\/\/wp.me\/P6jqgs-hU","_links":{"self":[{"href":"https:\/\/bluestardive.com\/de\/wp-json\/wp\/v2\/pages\/1110","targetHints":{"allow":["GET"]}}],"collection":[{"href":"https:\/\/bluestardive.com\/de\/wp-json\/wp\/v2\/pages"}],"about":[{"href":"https:\/\/bluestardive.com\/de\/wp-json\/wp\/v2\/types\/page"}],"author":[{"embeddable":true,"href":"https:\/\/bluestardive.com\/de\/wp-json\/wp\/v2\/users\/1"}],"replies":[{"embeddable":true,"href":"https:\/\/bluestardive.com\/de\/wp-json\/wp\/v2\/comments?post=1110"}],"version-history":[{"count":5,"href":"https:\/\/bluestardive.com\/de\/wp-json\/wp\/v2\/pages\/1110\/revisions"}],"predecessor-version":[{"id":1763,"href":"https:\/\/bluestardive.com\/de\/wp-json\/wp\/v2\/pages\/1110\/revisions\/1763"}],"wp:attachment":[{"href":"https:\/\/bluestardive.com\/de\/wp-json\/wp\/v2\/media?parent=1110"}],"curies":[{"name":"wp","href":"https:\/\/api.w.org\/{rel}","templated":true}]}}