{"id":1085,"date":"2015-06-09T17:44:53","date_gmt":"2015-06-09T09:44:53","guid":{"rendered":"http:\/\/bluestardive.com\/?page_id=1085"},"modified":"2015-10-08T06:42:51","modified_gmt":"2015-10-07T22:42:51","slug":"chocolate-hills-tour","status":"publish","type":"page","link":"https:\/\/bluestardive.com\/de\/chocolate-hills-tour\/","title":{"rendered":"Chocolate Hills Tour"},"content":{"rendered":"<div class=\"wpb-content-wrapper\">[vc_row][vc_column width=&#8220;1\/1&#8243;][rev_slider_vc alias=&#8220;chocolate_hills&#8220;][\/vc_column][\/vc_row][vc_row][vc_column width=&#8220;1\/1&#8243;][vc_column_text css_animation=&#8220;appear&#8220;]Als die <strong><span style=\"color: #000080;\">bekannteste Touristenattraktion<\/span><\/strong> von Bohol sind die <strong><span style=\"color: #000080;\">Chocolate Hills<\/span><\/strong> sowohl <strong><span style=\"color: #000080;\">auf der Flagge<\/span><\/strong> als auch auf <strong><span style=\"color: #000080;\">dem Siegel der Inselprovinz<\/span><\/strong> abgebildet und stehen allgemein f\u00fcr die nat\u00fcrlichen Sehensw\u00fcrdigkeiten, die Bohol zu bieten hat. Insgesamt wird ihre Anzahl mit <strong><span style=\"color: #000080;\">mindestens 1268<\/span><\/strong> angegeben, wobei man von insgesamt bis zu 1776 einzelnen H\u00fcgeln aus <strong><span style=\"color: #000080;\">gras\u00fcberdecktem Kalkstein<\/span><\/strong> ausgeht. Die Erhebungen variieren in ihren H\u00f6hen zwischen <strong><span style=\"color: #000080;\">30 und 50 m,<\/span><\/strong> wobei die gr\u00f6\u00dfte Kuppe eine H\u00f6he von etwa <strong><span style=\"color: #000080;\">120 m<\/span><\/strong> erreicht. Obwohl sie wie Maulwurfsh\u00fcgel \u00fcber <strong><span style=\"color: #000080;\">die zentrale Ebene der Insel<\/span><\/strong> verstreut sind, h\u00e4ufen sie sich in den Gebieten der Gemeinden <strong><span style=\"color: #000080;\">Sagbayan<\/span><\/strong> und <strong><span style=\"color: #000080;\">Batuan<\/span><\/strong>, wobei die gr\u00f6\u00dfte Anh\u00e4ufung jedoch nahe der <strong><span style=\"color: #000080;\">Ortschaft Carmen<\/span><\/strong> auftritt.<\/p>\n<p>Es ist nach wie vor <strong><span style=\"color: #000080;\">unklar<\/span> <\/strong>wie die Chocolate Hills<strong><span style=\"color: #000080;\"> entstanden sind<\/span><\/strong>.<br \/>\nEine der bekanntesten<strong><span style=\"color: #000080;\"> lokalen Legenden<\/span><\/strong> handelt vom <strong><span style=\"color: #000080;\">Kampf zweier Riesen<\/span><\/strong>, die sich tagelang mit <strong><span style=\"color: #000080;\">Steinen und Sand bewarfen,<\/span><\/strong> bevor sie m\u00fcde und ersch\u00f6pft Freundschaft schlossen und die Insel verlie\u00dfen. <strong><span style=\"color: #000080;\">Das Schlachtfeld<\/span><\/strong>, das sie unaufger\u00e4umt hinterlie\u00dfen, ist heute als das Gebiet der Chocolate Hills zu bewundern.<\/p>\n<p>Die <strong><span style=\"color: #000080;\">zweite Legende<\/span><\/strong> ist dagegen weitaus <strong><span style=\"color: #000080;\">romantischer<\/span><\/strong>. <strong><span style=\"color: #000080;\">Arogo, ein junger und kr\u00e4ftiger Riese<\/span><\/strong>, verliebte sich einst in <strong><span style=\"color: #000080;\">Aloya<\/span><\/strong>, eine ganz <strong><span style=\"color: #000080;\">gew\u00f6hnliche Sterbliche<\/span><\/strong> und Tochter eines Eingeborenenh\u00e4uptlings. Als sie starb brach ihm das Herz und <strong><span style=\"color: #000080;\">Arogo weinte bitterlich<\/span><\/strong>. Seine <strong><span style=\"color: #000080;\">Tr\u00e4nen wurden dabei zu H\u00fcgeln<\/span><\/strong>, die als die heute sichtbaren <strong><span style=\"color: #000080;\">Chocolate Hills<\/span><\/strong> noch immer von seiner tiefen Trauer zeugen.<\/p>\n<p align=\"justify\"><img loading=\"lazy\" decoding=\"async\" class=\"alignleft size-medium wp-image-722\" src=\"https:\/\/bluestardive.com\/wp-content\/uploads\/2015\/04\/chocolate-hills-1-300x216.jpg\" alt=\"chocolate hills 1\" width=\"300\" height=\"216\" align=\"justify\" srcset=\"https:\/\/bluestardive.com\/wp-content\/uploads\/2015\/04\/chocolate-hills-1-300x216.jpg 300w, https:\/\/bluestardive.com\/wp-content\/uploads\/2015\/04\/chocolate-hills-1.jpg 550w\" sizes=\"auto, (max-width: 300px) 100vw, 300px\" \/><\/p>\n<p align=\"justify\"><strong><span style=\"color: #000080;\">Geologen<\/span><\/strong> debattieren bereits seit langem \u00fcber die <strong><span style=\"color: #000080;\">Entstehung<\/span><\/strong> der H\u00fcgel, eine <strong><span style=\"color: #000080;\">plausible Theorie<\/span><\/strong> ist dass es sich um erodierte Formationen handelt, die aus einer Art von <strong><span style=\"color: #000080;\">Meereskalkstein<\/span><\/strong> bestehen und auf ausgeh\u00e4rteten <strong><span style=\"color: #000080;\">Tonschichten<\/span><\/strong> aufsitzen.<br \/>\nDie Chocolate Hills sind mit <strong><span style=\"color: #000080;\">gr\u00fcnem Gras<\/span><\/strong> bewachsen, das sich <strong><span style=\"color: #000080;\">w\u00e4hrend der Trockenperiode braun verf\u00e4rbt<\/span><\/strong> und den H\u00fcgeln ihren Namen verleiht.<br \/>\n<strong><span style=\"color: #000080;\">Die Chocolate Hills<\/span><\/strong> k\u00f6nnen von zwei Pl\u00e4tzen aus besichtigt werden, der erste ist auch der den wir auf <strong><span style=\"color: #000080;\">unserer Tour<\/span><\/strong> besuchen und befindet sich in der <strong><span style=\"color: #000080;\">Gemeinde Carmen<\/span><\/strong>, der j\u00fcngere der beiden nennt sich <strong><span style=\"color: #000080;\">Sagbayan Peak<\/span> <\/strong>und ist ein Teil der Ortschaft Sagbayan.<\/p>\n[\/vc_column_text][\/vc_column][\/vc_row][vc_row][vc_column width=&#8220;2\/3&#8243;][vc_column_text]\n<p><strong><span style=\"color: #000080;\">Preis: \u20ac 60.00<\/span><\/strong><\/p>\n[\/vc_column_text][\/vc_column][vc_column width=&#8220;1\/3&#8243;]\n[\/vc_column][\/vc_row][vc_row][vc_column width=&#8220;2\/3&#8243;][vc_column_text css_animation=&#8220;appear&#8220;]<em>Alle Touren sind inklusive Fahrzeug und Guide, maximale Anzahl per Fahrzeug sind vier Personen.<br \/>\nEintrittsgeb\u00fchren, Trinkgelder und Mittagessen sind nicht inbegriffen, ein Imbiss kann auf Anfrage vorbereitet werden.<br \/>\n<\/em>[\/vc_column_text][\/vc_column][vc_column width=&#8220;1\/3&#8243;][vc_single_image image=&#8220;621&#8243; border_color=&#8220;grey&#8220; img_link_large=&#8220;&#8220; img_link_target=&#8220;_self&#8220; css_animation=&#8220;appear&#8220; img_size=&#8220;58&#215;26&#8243;][\/vc_column][\/vc_row]\n<\/div>","protected":false},"excerpt":{"rendered":"<p>[vc_row][vc_column width=&#8220;1\/1&#8243;][rev_slider_vc alias=&#8220;chocolate_hills&#8220;][\/vc_column][\/vc_row][vc_row][vc_column width=&#8220;1\/1&#8243;][vc_column_text css_animation=&#8220;appear&#8220;]Als die bekannteste Touristenattraktion von Bohol sind die Chocolate Hills sowohl auf der Flagge als auch auf dem Siegel der Inselprovinz abgebildet und stehen allgemein f\u00fcr die nat\u00fcrlichen Sehensw\u00fcrdigkeiten, die Bohol zu bieten hat. Insgesamt wird ihre Anzahl mit mindestens 1268 angegeben, wobei<\/p>\n","protected":false},"author":1,"featured_media":0,"parent":0,"menu_order":0,"comment_status":"closed","ping_status":"closed","template":"","meta":{"footnotes":""},"class_list":["post-1085","page","type-page","status-publish","hentry"],"yoast_head":"<!-- This site is optimized with the Yoast SEO plugin v27.4 - https:\/\/yoast.com\/product\/yoast-seo-wordpress\/ -->\n<title>Chocolate Hills Tour - Blue Star Dive &amp; Resort<\/title>\n<meta name=\"description\" content=\"Als die bekannteste Touristenattraktion von Bohol sind die Chocolate Hills sowohl auf der Flagge als auch auf dem Siegel der Inselprovinz abgebildet und ste\" \/>\n<meta name=\"robots\" content=\"index, follow, max-snippet:-1, max-image-preview:large, max-video-preview:-1\" \/>\n<link rel=\"canonical\" href=\"https:\/\/bluestardive.com\/de\/chocolate-hills-tour\/\" \/>\n<meta property=\"og:locale\" content=\"de_DE\" \/>\n<meta property=\"og:type\" content=\"article\" \/>\n<meta property=\"og:title\" content=\"Chocolate Hills Tour - Blue Star Dive &amp; Resort\" \/>\n<meta property=\"og:description\" content=\"Als die bekannteste Touristenattraktion von Bohol sind die Chocolate Hills sowohl auf der Flagge als auch auf dem Siegel der Inselprovinz abgebildet und ste\" \/>\n<meta property=\"og:url\" content=\"https:\/\/bluestardive.com\/de\/chocolate-hills-tour\/\" \/>\n<meta property=\"og:site_name\" content=\"Blue Star Dive &amp; Resort\" \/>\n<meta property=\"article:publisher\" content=\"https:\/\/www.facebook.com\/BlueStarDiveAndResort\" \/>\n<meta property=\"article:modified_time\" content=\"2015-10-07T22:42:51+00:00\" \/>\n<meta property=\"og:image\" content=\"https:\/\/bluestardive.com\/wp-content\/uploads\/2015\/04\/chocolate-hills-1.jpg\" \/>\n\t<meta property=\"og:image:width\" content=\"550\" \/>\n\t<meta property=\"og:image:height\" content=\"396\" \/>\n\t<meta property=\"og:image:type\" content=\"image\/jpeg\" \/>\n<meta name=\"twitter:card\" content=\"summary_large_image\" \/>\n<meta name=\"twitter:site\" content=\"@BlueStarResort\" \/>\n<meta name=\"twitter:label1\" content=\"Gesch\u00e4tzte Lesezeit\" \/>\n\t<meta name=\"twitter:data1\" content=\"2\u00a0Minuten\" \/>\n<script type=\"application\/ld+json\" class=\"yoast-schema-graph\">{\"@context\":\"https:\\\/\\\/schema.org\",\"@graph\":[{\"@type\":\"WebPage\",\"@id\":\"https:\\\/\\\/bluestardive.com\\\/de\\\/chocolate-hills-tour\\\/\",\"url\":\"https:\\\/\\\/bluestardive.com\\\/de\\\/chocolate-hills-tour\\\/\",\"name\":\"Chocolate Hills Tour - Blue Star Dive & Resort\",\"isPartOf\":{\"@id\":\"https:\\\/\\\/bluestardive.com\\\/#website\"},\"primaryImageOfPage\":{\"@id\":\"https:\\\/\\\/bluestardive.com\\\/de\\\/chocolate-hills-tour\\\/#primaryimage\"},\"image\":{\"@id\":\"https:\\\/\\\/bluestardive.com\\\/de\\\/chocolate-hills-tour\\\/#primaryimage\"},\"thumbnailUrl\":\"https:\\\/\\\/bluestardive.com\\\/wp-content\\\/uploads\\\/2015\\\/04\\\/chocolate-hills-1-300x216.jpg\",\"datePublished\":\"2015-06-09T09:44:53+00:00\",\"dateModified\":\"2015-10-07T22:42:51+00:00\",\"description\":\"Als die bekannteste Touristenattraktion von Bohol sind die Chocolate Hills sowohl auf der Flagge als auch auf dem Siegel der Inselprovinz abgebildet und ste\",\"breadcrumb\":{\"@id\":\"https:\\\/\\\/bluestardive.com\\\/de\\\/chocolate-hills-tour\\\/#breadcrumb\"},\"inLanguage\":\"de\",\"potentialAction\":[{\"@type\":\"ReadAction\",\"target\":[\"https:\\\/\\\/bluestardive.com\\\/de\\\/chocolate-hills-tour\\\/\"]}]},{\"@type\":\"ImageObject\",\"inLanguage\":\"de\",\"@id\":\"https:\\\/\\\/bluestardive.com\\\/de\\\/chocolate-hills-tour\\\/#primaryimage\",\"url\":\"https:\\\/\\\/bluestardive.com\\\/wp-content\\\/uploads\\\/2015\\\/04\\\/chocolate-hills-1-300x216.jpg\",\"contentUrl\":\"https:\\\/\\\/bluestardive.com\\\/wp-content\\\/uploads\\\/2015\\\/04\\\/chocolate-hills-1-300x216.jpg\"},{\"@type\":\"BreadcrumbList\",\"@id\":\"https:\\\/\\\/bluestardive.com\\\/de\\\/chocolate-hills-tour\\\/#breadcrumb\",\"itemListElement\":[{\"@type\":\"ListItem\",\"position\":1,\"name\":\"Start\",\"item\":\"https:\\\/\\\/bluestardive.com\\\/de\\\/\"},{\"@type\":\"ListItem\",\"position\":2,\"name\":\"Chocolate Hills Tour\"}]},{\"@type\":\"WebSite\",\"@id\":\"https:\\\/\\\/bluestardive.com\\\/#website\",\"url\":\"https:\\\/\\\/bluestardive.com\\\/\",\"name\":\"Blue Star Dive &amp; Resort\",\"description\":\"\",\"potentialAction\":[{\"@type\":\"SearchAction\",\"target\":{\"@type\":\"EntryPoint\",\"urlTemplate\":\"https:\\\/\\\/bluestardive.com\\\/?s={search_term_string}\"},\"query-input\":{\"@type\":\"PropertyValueSpecification\",\"valueRequired\":true,\"valueName\":\"search_term_string\"}}],\"inLanguage\":\"de\"}]}<\/script>\n<!-- \/ Yoast SEO plugin. -->","yoast_head_json":{"title":"Chocolate Hills Tour - Blue Star Dive & Resort","description":"Als die bekannteste Touristenattraktion von Bohol sind die Chocolate Hills sowohl auf der Flagge als auch auf dem Siegel der Inselprovinz abgebildet und ste","robots":{"index":"index","follow":"follow","max-snippet":"max-snippet:-1","max-image-preview":"max-image-preview:large","max-video-preview":"max-video-preview:-1"},"canonical":"https:\/\/bluestardive.com\/de\/chocolate-hills-tour\/","og_locale":"de_DE","og_type":"article","og_title":"Chocolate Hills Tour - Blue Star Dive & Resort","og_description":"Als die bekannteste Touristenattraktion von Bohol sind die Chocolate Hills sowohl auf der Flagge als auch auf dem Siegel der Inselprovinz abgebildet und ste","og_url":"https:\/\/bluestardive.com\/de\/chocolate-hills-tour\/","og_site_name":"Blue Star Dive &amp; Resort","article_publisher":"https:\/\/www.facebook.com\/BlueStarDiveAndResort","article_modified_time":"2015-10-07T22:42:51+00:00","og_image":[{"width":550,"height":396,"url":"https:\/\/bluestardive.com\/wp-content\/uploads\/2015\/04\/chocolate-hills-1.jpg","type":"image\/jpeg"}],"twitter_card":"summary_large_image","twitter_site":"@BlueStarResort","twitter_misc":{"Gesch\u00e4tzte Lesezeit":"2\u00a0Minuten"},"schema":{"@context":"https:\/\/schema.org","@graph":[{"@type":"WebPage","@id":"https:\/\/bluestardive.com\/de\/chocolate-hills-tour\/","url":"https:\/\/bluestardive.com\/de\/chocolate-hills-tour\/","name":"Chocolate Hills Tour - Blue Star Dive & Resort","isPartOf":{"@id":"https:\/\/bluestardive.com\/#website"},"primaryImageOfPage":{"@id":"https:\/\/bluestardive.com\/de\/chocolate-hills-tour\/#primaryimage"},"image":{"@id":"https:\/\/bluestardive.com\/de\/chocolate-hills-tour\/#primaryimage"},"thumbnailUrl":"https:\/\/bluestardive.com\/wp-content\/uploads\/2015\/04\/chocolate-hills-1-300x216.jpg","datePublished":"2015-06-09T09:44:53+00:00","dateModified":"2015-10-07T22:42:51+00:00","description":"Als die bekannteste Touristenattraktion von Bohol sind die Chocolate Hills sowohl auf der Flagge als auch auf dem Siegel der Inselprovinz abgebildet und ste","breadcrumb":{"@id":"https:\/\/bluestardive.com\/de\/chocolate-hills-tour\/#breadcrumb"},"inLanguage":"de","potentialAction":[{"@type":"ReadAction","target":["https:\/\/bluestardive.com\/de\/chocolate-hills-tour\/"]}]},{"@type":"ImageObject","inLanguage":"de","@id":"https:\/\/bluestardive.com\/de\/chocolate-hills-tour\/#primaryimage","url":"https:\/\/bluestardive.com\/wp-content\/uploads\/2015\/04\/chocolate-hills-1-300x216.jpg","contentUrl":"https:\/\/bluestardive.com\/wp-content\/uploads\/2015\/04\/chocolate-hills-1-300x216.jpg"},{"@type":"BreadcrumbList","@id":"https:\/\/bluestardive.com\/de\/chocolate-hills-tour\/#breadcrumb","itemListElement":[{"@type":"ListItem","position":1,"name":"Start","item":"https:\/\/bluestardive.com\/de\/"},{"@type":"ListItem","position":2,"name":"Chocolate Hills Tour"}]},{"@type":"WebSite","@id":"https:\/\/bluestardive.com\/#website","url":"https:\/\/bluestardive.com\/","name":"Blue Star Dive &amp; Resort","description":"","potentialAction":[{"@type":"SearchAction","target":{"@type":"EntryPoint","urlTemplate":"https:\/\/bluestardive.com\/?s={search_term_string}"},"query-input":{"@type":"PropertyValueSpecification","valueRequired":true,"valueName":"search_term_string"}}],"inLanguage":"de"}]}},"jetpack_sharing_enabled":true,"jetpack_shortlink":"https:\/\/wp.me\/P6jqgs-hv","_links":{"self":[{"href":"https:\/\/bluestardive.com\/de\/wp-json\/wp\/v2\/pages\/1085","targetHints":{"allow":["GET"]}}],"collection":[{"href":"https:\/\/bluestardive.com\/de\/wp-json\/wp\/v2\/pages"}],"about":[{"href":"https:\/\/bluestardive.com\/de\/wp-json\/wp\/v2\/types\/page"}],"author":[{"embeddable":true,"href":"https:\/\/bluestardive.com\/de\/wp-json\/wp\/v2\/users\/1"}],"replies":[{"embeddable":true,"href":"https:\/\/bluestardive.com\/de\/wp-json\/wp\/v2\/comments?post=1085"}],"version-history":[{"count":2,"href":"https:\/\/bluestardive.com\/de\/wp-json\/wp\/v2\/pages\/1085\/revisions"}],"predecessor-version":[{"id":1760,"href":"https:\/\/bluestardive.com\/de\/wp-json\/wp\/v2\/pages\/1085\/revisions\/1760"}],"wp:attachment":[{"href":"https:\/\/bluestardive.com\/de\/wp-json\/wp\/v2\/media?parent=1085"}],"curies":[{"name":"wp","href":"https:\/\/api.w.org\/{rel}","templated":true}]}}