{"id":1082,"date":"2015-06-09T16:27:18","date_gmt":"2015-06-09T08:27:18","guid":{"rendered":"http:\/\/bluestardive.com\/?page_id=1082"},"modified":"2015-10-08T06:46:31","modified_gmt":"2015-10-07T22:46:31","slug":"candijay-wasserfall","status":"publish","type":"page","link":"https:\/\/bluestardive.com\/de\/candijay-wasserfall\/","title":{"rendered":"Candijay Wasserfall"},"content":{"rendered":"<div class=\"wpb-content-wrapper\">[vc_row][vc_column width=&#8220;1\/2&#8243;][vc_column_text css_animation=&#8220;appear&#8220;]<strong><span style=\"color: #000080;\">Der Can-umantad oder Candijay Wasserfall<\/span><\/strong> ist einer der <span style=\"color: #000080;\">majest\u00e4tischsten<\/span> und <strong><span style=\"color: #000080;\">sch\u00f6nsten Wasserf\u00e4lle<\/span> <\/strong>in Bohol und liegt in der N\u00e4he von <strong><span style=\"color: #000080;\">Candijay<\/span><\/strong>. Von der Ferne sieht es aus wie <strong><span style=\"color: #000080;\">ein grosser Fall<\/span><\/strong>, kommt man n\u00e4her sieht man dass der Wasserfall <strong><span style=\"color: #000080;\">drei verschiedene Abschnitte<\/span><\/strong> hat, wobei der 3. Abschnitt k\u00fcrzer und ein bisschen weiter weg ist.<br \/>\nDa der Wasserfall in einem offenen Gebiet liegt kann man ihn <strong><span style=\"color: #000080;\">schon von weitem sehen<\/span><\/strong>, B\u00e4ume und Str\u00e4ucher an der Spitze und der Seite geben dem Ganzen eine gr\u00fcne Kulisse. <a href=\"http:\/\/bluestardive.com\/wp-content\/uploads\/2015\/05\/candijay-falls-2.jpg\" rel=\"wp-prettyPhoto[1082]\"><img loading=\"lazy\" decoding=\"async\" class=\"alignleft size-medium wp-image-800\" src=\"https:\/\/bluestardive.com\/wp-content\/uploads\/2015\/05\/candijay-falls-2-200x300.jpg\" alt=\"candijay-falls-2\" width=\"200\" height=\"300\" srcset=\"https:\/\/bluestardive.com\/wp-content\/uploads\/2015\/05\/candijay-falls-2-200x300.jpg 200w, https:\/\/bluestardive.com\/wp-content\/uploads\/2015\/05\/candijay-falls-2.jpg 682w\" sizes=\"auto, (max-width: 200px) 100vw, 200px\" \/><\/a>Der oberste Fall ist gem\u00e4ss lokaler F\u00fchrer <strong><span style=\"color: #000080;\">45 Meter<\/span><\/strong> hoch und das Wasser f\u00e4llt \u00fcber eine <strong><span style=\"color: #000080;\">tiefe Schlucht<\/span><\/strong>, fliesst ein bisschen weiter und f\u00e4llt dann <strong><span style=\"color: #000080;\">nochmals<\/span><\/strong> \u00fcber eine Klippe.<br \/>\nDer <strong><span style=\"color: #000080;\">zweite Fall<\/span><\/strong> ist dann einiges k\u00fcrzer, dabei jedoch etwa <strong><span style=\"color: #000080;\">doppelt bis dreifach so weit<\/span><\/strong>. Da das Wasser von oben ausfliesst und auf eine gr\u00f6ssere Fl\u00e4che verteilt wird sieht die Str\u00f6mung vom Wasser d\u00fcnner aus im Vergleich zum oberen Fall.<br \/>\nUnter beiden F\u00e4llen haben sich <strong><span style=\"color: #000080;\">Wasserbecken<\/span><\/strong> gebildet die in die Felsen eingebettet <strong><span style=\"color: #000080;\">nat\u00fcrliche Schwimmb\u00e4der<\/span> <\/strong>formen.<br \/>\nDurch <strong><span style=\"color: #000080;\">die Gicht<\/span><\/strong> die entsteht wenn das fallende Wasser auf die darunterliegenden Becken trifft entsteht ein dichter Nebel. Es scheint als w\u00fcrde es nahe den Wasserf\u00e4llen <strong><span style=\"color: #000080;\">st\u00e4ndig regnen<\/span><\/strong> und die <strong><span style=\"color: #000080;\">umliegende Gegend<\/span><\/strong> ist immer nass.[\/vc_column_text][\/vc_column][vc_column width=&#8220;1\/2&#8243;][vc_single_image image=&#8220;795&#8243; alignment=&#8220;center&#8220; border_color=&#8220;grey&#8220; img_link_large=&#8220;&#8220; img_link_target=&#8220;_self&#8220; css_animation=&#8220;appear&#8220; img_size=&#8220;370&#215;550&#8243;][\/vc_column][\/vc_row][vc_row][vc_column width=&#8220;2\/3&#8243;][vc_column_text]\n<p><strong><span style=\"color: #000080;\">Preis: \u20ac 35.00<\/span><\/strong><\/p>\n[\/vc_column_text][\/vc_column][vc_column width=&#8220;1\/3&#8243;]\n[\/vc_column][\/vc_row][vc_row][vc_column width=&#8220;2\/3&#8243;][vc_column_text css_animation=&#8220;appear&#8220;]<em>Alle Touren sind inklusive Fahrzeug und Guide, maximale Anzahl per Fahrzeug sind vier Personen.<br \/>\nEintrittsgeb\u00fchren, Trinkgelder und Mittagessen sind nicht inbegriffen, ein Imbiss kann auf Anfrage vorbereitet werden.<br \/>\n<\/em>[\/vc_column_text][\/vc_column][vc_column width=&#8220;1\/3&#8243;][vc_single_image image=&#8220;621&#8243; border_color=&#8220;grey&#8220; img_link_large=&#8220;&#8220; img_link_target=&#8220;_self&#8220; css_animation=&#8220;appear&#8220; img_size=&#8220;58&#215;26&#8243;][\/vc_column][\/vc_row]\n<\/div>","protected":false},"excerpt":{"rendered":"<p>[vc_row][vc_column width=&#8220;1\/2&#8243;][vc_column_text css_animation=&#8220;appear&#8220;]Der Can-umantad oder Candijay Wasserfall ist einer der majest\u00e4tischsten und sch\u00f6nsten Wasserf\u00e4lle in Bohol und liegt in der N\u00e4he von Candijay. Von der Ferne sieht es aus wie ein grosser Fall, kommt man n\u00e4her sieht man dass der Wasserfall drei verschiedene Abschnitte hat, wobei der<\/p>\n","protected":false},"author":1,"featured_media":0,"parent":0,"menu_order":0,"comment_status":"closed","ping_status":"closed","template":"","meta":{"footnotes":""},"class_list":["post-1082","page","type-page","status-publish","hentry"],"yoast_head":"<!-- This site is optimized with the Yoast SEO plugin v27.4 - https:\/\/yoast.com\/product\/yoast-seo-wordpress\/ -->\n<title>Candijay Wasserfall - Blue Star Dive &amp; Resort<\/title>\n<meta name=\"description\" content=\"Der Can-umantad oder Candijay Wasserfall ist einer der majest\u00e4tischsten und sch\u00f6nsten Wasserf\u00e4lle in Bohol und liegt in der N\u00e4he von Candijay. Von der Ferne\" \/>\n<meta name=\"robots\" content=\"index, follow, max-snippet:-1, max-image-preview:large, max-video-preview:-1\" \/>\n<link rel=\"canonical\" href=\"https:\/\/bluestardive.com\/activities\/land-tours\/candijay-waterfalls\/\" \/>\n<meta property=\"og:locale\" content=\"de_DE\" \/>\n<meta property=\"og:type\" content=\"article\" \/>\n<meta property=\"og:title\" content=\"Candijay Wasserfall - Blue Star Dive &amp; Resort\" \/>\n<meta property=\"og:description\" content=\"Der Can-umantad oder Candijay Wasserfall ist einer der majest\u00e4tischsten und sch\u00f6nsten Wasserf\u00e4lle in Bohol und liegt in der N\u00e4he von Candijay. Von der Ferne\" \/>\n<meta property=\"og:url\" content=\"https:\/\/bluestardive.com\/activities\/land-tours\/candijay-waterfalls\/\" \/>\n<meta property=\"og:site_name\" content=\"Blue Star Dive &amp; Resort\" \/>\n<meta property=\"article:publisher\" content=\"https:\/\/www.facebook.com\/BlueStarDiveAndResort\" \/>\n<meta property=\"article:modified_time\" content=\"2015-10-07T22:46:31+00:00\" \/>\n<meta property=\"og:image\" content=\"https:\/\/bluestardive.com\/wp-content\/uploads\/2015\/05\/candijay-falls-2.jpg\" \/>\n\t<meta property=\"og:image:width\" content=\"682\" \/>\n\t<meta property=\"og:image:height\" content=\"1024\" \/>\n\t<meta property=\"og:image:type\" content=\"image\/jpeg\" \/>\n<meta name=\"twitter:card\" content=\"summary_large_image\" \/>\n<meta name=\"twitter:site\" content=\"@BlueStarResort\" \/>\n<meta name=\"twitter:label1\" content=\"Gesch\u00e4tzte Lesezeit\" \/>\n\t<meta name=\"twitter:data1\" content=\"2\u00a0Minuten\" \/>\n<script type=\"application\/ld+json\" class=\"yoast-schema-graph\">{\"@context\":\"https:\\\/\\\/schema.org\",\"@graph\":[{\"@type\":\"WebPage\",\"@id\":\"https:\\\/\\\/bluestardive.com\\\/activities\\\/land-tours\\\/candijay-waterfalls\\\/\",\"url\":\"https:\\\/\\\/bluestardive.com\\\/activities\\\/land-tours\\\/candijay-waterfalls\\\/\",\"name\":\"Candijay Wasserfall - Blue Star Dive & Resort\",\"isPartOf\":{\"@id\":\"https:\\\/\\\/bluestardive.com\\\/#website\"},\"primaryImageOfPage\":{\"@id\":\"https:\\\/\\\/bluestardive.com\\\/activities\\\/land-tours\\\/candijay-waterfalls\\\/#primaryimage\"},\"image\":{\"@id\":\"https:\\\/\\\/bluestardive.com\\\/activities\\\/land-tours\\\/candijay-waterfalls\\\/#primaryimage\"},\"thumbnailUrl\":\"https:\\\/\\\/bluestardive.com\\\/wp-content\\\/uploads\\\/2015\\\/05\\\/candijay-falls-2-200x300.jpg\",\"datePublished\":\"2015-06-09T08:27:18+00:00\",\"dateModified\":\"2015-10-07T22:46:31+00:00\",\"description\":\"Der Can-umantad oder Candijay Wasserfall ist einer der majest\u00e4tischsten und sch\u00f6nsten Wasserf\u00e4lle in Bohol und liegt in der N\u00e4he von Candijay. Von der Ferne\",\"breadcrumb\":{\"@id\":\"https:\\\/\\\/bluestardive.com\\\/activities\\\/land-tours\\\/candijay-waterfalls\\\/#breadcrumb\"},\"inLanguage\":\"de\",\"potentialAction\":[{\"@type\":\"ReadAction\",\"target\":[\"https:\\\/\\\/bluestardive.com\\\/activities\\\/land-tours\\\/candijay-waterfalls\\\/\"]}]},{\"@type\":\"ImageObject\",\"inLanguage\":\"de\",\"@id\":\"https:\\\/\\\/bluestardive.com\\\/activities\\\/land-tours\\\/candijay-waterfalls\\\/#primaryimage\",\"url\":\"https:\\\/\\\/bluestardive.com\\\/wp-content\\\/uploads\\\/2015\\\/05\\\/candijay-falls-2-200x300.jpg\",\"contentUrl\":\"https:\\\/\\\/bluestardive.com\\\/wp-content\\\/uploads\\\/2015\\\/05\\\/candijay-falls-2-200x300.jpg\"},{\"@type\":\"BreadcrumbList\",\"@id\":\"https:\\\/\\\/bluestardive.com\\\/activities\\\/land-tours\\\/candijay-waterfalls\\\/#breadcrumb\",\"itemListElement\":[{\"@type\":\"ListItem\",\"position\":1,\"name\":\"Start\",\"item\":\"https:\\\/\\\/bluestardive.com\\\/de\\\/\"},{\"@type\":\"ListItem\",\"position\":2,\"name\":\"Candijay Wasserfall\"}]},{\"@type\":\"WebSite\",\"@id\":\"https:\\\/\\\/bluestardive.com\\\/#website\",\"url\":\"https:\\\/\\\/bluestardive.com\\\/\",\"name\":\"Blue Star Dive &amp; Resort\",\"description\":\"\",\"potentialAction\":[{\"@type\":\"SearchAction\",\"target\":{\"@type\":\"EntryPoint\",\"urlTemplate\":\"https:\\\/\\\/bluestardive.com\\\/?s={search_term_string}\"},\"query-input\":{\"@type\":\"PropertyValueSpecification\",\"valueRequired\":true,\"valueName\":\"search_term_string\"}}],\"inLanguage\":\"de\"}]}<\/script>\n<!-- \/ Yoast SEO plugin. -->","yoast_head_json":{"title":"Candijay Wasserfall - Blue Star Dive & Resort","description":"Der Can-umantad oder Candijay Wasserfall ist einer der majest\u00e4tischsten und sch\u00f6nsten Wasserf\u00e4lle in Bohol und liegt in der N\u00e4he von Candijay. Von der Ferne","robots":{"index":"index","follow":"follow","max-snippet":"max-snippet:-1","max-image-preview":"max-image-preview:large","max-video-preview":"max-video-preview:-1"},"canonical":"https:\/\/bluestardive.com\/activities\/land-tours\/candijay-waterfalls\/","og_locale":"de_DE","og_type":"article","og_title":"Candijay Wasserfall - Blue Star Dive & Resort","og_description":"Der Can-umantad oder Candijay Wasserfall ist einer der majest\u00e4tischsten und sch\u00f6nsten Wasserf\u00e4lle in Bohol und liegt in der N\u00e4he von Candijay. Von der Ferne","og_url":"https:\/\/bluestardive.com\/activities\/land-tours\/candijay-waterfalls\/","og_site_name":"Blue Star Dive &amp; Resort","article_publisher":"https:\/\/www.facebook.com\/BlueStarDiveAndResort","article_modified_time":"2015-10-07T22:46:31+00:00","og_image":[{"width":682,"height":1024,"url":"https:\/\/bluestardive.com\/wp-content\/uploads\/2015\/05\/candijay-falls-2.jpg","type":"image\/jpeg"}],"twitter_card":"summary_large_image","twitter_site":"@BlueStarResort","twitter_misc":{"Gesch\u00e4tzte Lesezeit":"2\u00a0Minuten"},"schema":{"@context":"https:\/\/schema.org","@graph":[{"@type":"WebPage","@id":"https:\/\/bluestardive.com\/activities\/land-tours\/candijay-waterfalls\/","url":"https:\/\/bluestardive.com\/activities\/land-tours\/candijay-waterfalls\/","name":"Candijay Wasserfall - Blue Star Dive & Resort","isPartOf":{"@id":"https:\/\/bluestardive.com\/#website"},"primaryImageOfPage":{"@id":"https:\/\/bluestardive.com\/activities\/land-tours\/candijay-waterfalls\/#primaryimage"},"image":{"@id":"https:\/\/bluestardive.com\/activities\/land-tours\/candijay-waterfalls\/#primaryimage"},"thumbnailUrl":"https:\/\/bluestardive.com\/wp-content\/uploads\/2015\/05\/candijay-falls-2-200x300.jpg","datePublished":"2015-06-09T08:27:18+00:00","dateModified":"2015-10-07T22:46:31+00:00","description":"Der Can-umantad oder Candijay Wasserfall ist einer der majest\u00e4tischsten und sch\u00f6nsten Wasserf\u00e4lle in Bohol und liegt in der N\u00e4he von Candijay. Von der Ferne","breadcrumb":{"@id":"https:\/\/bluestardive.com\/activities\/land-tours\/candijay-waterfalls\/#breadcrumb"},"inLanguage":"de","potentialAction":[{"@type":"ReadAction","target":["https:\/\/bluestardive.com\/activities\/land-tours\/candijay-waterfalls\/"]}]},{"@type":"ImageObject","inLanguage":"de","@id":"https:\/\/bluestardive.com\/activities\/land-tours\/candijay-waterfalls\/#primaryimage","url":"https:\/\/bluestardive.com\/wp-content\/uploads\/2015\/05\/candijay-falls-2-200x300.jpg","contentUrl":"https:\/\/bluestardive.com\/wp-content\/uploads\/2015\/05\/candijay-falls-2-200x300.jpg"},{"@type":"BreadcrumbList","@id":"https:\/\/bluestardive.com\/activities\/land-tours\/candijay-waterfalls\/#breadcrumb","itemListElement":[{"@type":"ListItem","position":1,"name":"Start","item":"https:\/\/bluestardive.com\/de\/"},{"@type":"ListItem","position":2,"name":"Candijay Wasserfall"}]},{"@type":"WebSite","@id":"https:\/\/bluestardive.com\/#website","url":"https:\/\/bluestardive.com\/","name":"Blue Star Dive &amp; Resort","description":"","potentialAction":[{"@type":"SearchAction","target":{"@type":"EntryPoint","urlTemplate":"https:\/\/bluestardive.com\/?s={search_term_string}"},"query-input":{"@type":"PropertyValueSpecification","valueRequired":true,"valueName":"search_term_string"}}],"inLanguage":"de"}]}},"jetpack_sharing_enabled":true,"jetpack_shortlink":"https:\/\/wp.me\/P6jqgs-hs","_links":{"self":[{"href":"https:\/\/bluestardive.com\/de\/wp-json\/wp\/v2\/pages\/1082","targetHints":{"allow":["GET"]}}],"collection":[{"href":"https:\/\/bluestardive.com\/de\/wp-json\/wp\/v2\/pages"}],"about":[{"href":"https:\/\/bluestardive.com\/de\/wp-json\/wp\/v2\/types\/page"}],"author":[{"embeddable":true,"href":"https:\/\/bluestardive.com\/de\/wp-json\/wp\/v2\/users\/1"}],"replies":[{"embeddable":true,"href":"https:\/\/bluestardive.com\/de\/wp-json\/wp\/v2\/comments?post=1082"}],"version-history":[{"count":3,"href":"https:\/\/bluestardive.com\/de\/wp-json\/wp\/v2\/pages\/1082\/revisions"}],"predecessor-version":[{"id":1761,"href":"https:\/\/bluestardive.com\/de\/wp-json\/wp\/v2\/pages\/1082\/revisions\/1761"}],"wp:attachment":[{"href":"https:\/\/bluestardive.com\/de\/wp-json\/wp\/v2\/media?parent=1082"}],"curies":[{"name":"wp","href":"https:\/\/api.w.org\/{rel}","templated":true}]}}