{"id":1075,"date":"2015-06-09T15:57:13","date_gmt":"2015-06-09T07:57:13","guid":{"rendered":"http:\/\/bluestardive.com\/?page_id=1075"},"modified":"2015-06-22T16:21:40","modified_gmt":"2015-06-22T08:21:40","slug":"bohol-tarsier-tour","status":"publish","type":"page","link":"https:\/\/bluestardive.com\/de\/bohol-tarsier-tour\/","title":{"rendered":"Bohol Tarsier Tour"},"content":{"rendered":"<div class=\"wpb-content-wrapper\">[vc_row][vc_column width=&#8220;1\/1&#8243;]<div id=\"ultimate-heading-314769ea65b3a79c8\" class=\"uvc-heading ult-adjust-bottom-margin ultimate-heading-314769ea65b3a79c8 uvc-9800 \" data-hspacer=\"no_spacer\"  data-halign=\"left\" style=\"text-align:left\"><div class=\"uvc-heading-spacer no_spacer\" style=\"top\"><\/div><div class=\"uvc-main-heading ult-responsive\"  data-ultimate-target='.uvc-heading.ultimate-heading-314769ea65b3a79c8 h1'  data-responsive-json-new='{\"font-size\":\"\",\"line-height\":\"\"}' ><h1 style=\"font-weight:normal;\">Bohol Tarsier Tour<\/h1><\/div><\/div>[\/vc_column][\/vc_row][vc_row][vc_column width=&#8220;1\/1&#8243;][vc_column_text css_animation=&#8220;appear&#8220;]W\u00e4hrend der <strong><span style=\"color: #000080;\">Bohol Tarsier Tour<\/span> <\/strong>besuchen Sie <strong><span style=\"color: #000080;\">historische Sehensw\u00fcrdigkeiten<\/span><\/strong> wie den <strong><span style=\"color: #000080;\">Blood Compact Shrine<\/span><\/strong>, treffen die s\u00fcssen <strong><span style=\"color: #000080;\">Tarsier<\/span><\/strong>, bewundern die weltbekannten <span style=\"color: #000080;\"><strong>Chocolate Hills<\/strong><\/span>, entspannen bei einer Bootsfahrt auf dem <strong><span style=\"color: #000080;\">Loboc River<\/span><\/strong> und besuchen das <strong><span style=\"color: #000080;\">Simply Butterfly Conservation Center<\/span><\/strong> und vieles mehr![\/vc_column_text][\/vc_column][\/vc_row][vc_row][vc_column width=&#8220;1\/2&#8243;][vc_column_text css_animation=&#8220;appear&#8220;]\n<h3>Blood Compact Shrine<\/h3>\n<p>Der <strong><span style=\"color: #000080;\">Blood Compact Shrine<\/span><\/strong> wurde zum Gedenken an den ersten Freundschaftsvertrag zwischen dem Osten und dem Westen erstellt. Der <strong><span style=\"color: #000080;\">spanische Eroberer Miguel Lopez de Legazpi<\/span><\/strong> und das lokale Oberhaupt <strong><span style=\"color: #000080;\">Rajah Sikatuna<\/span><\/strong> versiegelten den Vertrag indem sie Wein mit Blut vermischt getrunken haben, so kam auch der Name \u201e<strong><span style=\"color: #000080;\">Blood Compact<\/span><\/strong>\u201c oder \u201e<strong><span style=\"color: #000080;\">Sandugo<\/span><\/strong>\u201c zustande.[\/vc_column_text][\/vc_column][vc_column width=&#8220;1\/2&#8243;][vc_single_image image=&#8220;736&#8243; border_color=&#8220;grey&#8220; img_link_large=&#8220;&#8220; img_link_target=&#8220;_self&#8220; css_animation=&#8220;appear&#8220; img_size=&#8220;medium&#8220; alignment=&#8220;center&#8220;][\/vc_column][\/vc_row][vc_row][vc_column width=&#8220;1\/2&#8243;][vc_single_image image=&#8220;740&#8243; alignment=&#8220;center&#8220; border_color=&#8220;grey&#8220; img_link_large=&#8220;&#8220; img_link_target=&#8220;_self&#8220; css_animation=&#8220;appear&#8220; img_size=&#8220;medium&#8220;][\/vc_column][vc_column width=&#8220;1\/2&#8243;][vc_column_text]\n<h3>Tarsier<\/h3>\n<p><strong><span style=\"color: #000080;\">Der Tarsier<\/span><\/strong> (von der lokalen Bev\u00f6lkerung \u201e<strong><span style=\"color: #000080;\">mawmag<\/span><\/strong>\u201c genannt) wird nur <strong><span style=\"color: #000080;\">85 bis 160 Millimeter<\/span><\/strong> gross und wird als <strong><span style=\"color: #000080;\">kleinste Primatenart weltweit<\/span><\/strong> betrachtet und steht leider auf der Liste <strong><span style=\"color: #000080;\">bedrohter Tierarten<\/span><\/strong>. Mit ihren grossen Augen jagt der nachtaktive Tarsier <strong><span style=\"color: #000080;\">kleine Insekten<\/span><\/strong> und springt dabei von Baum zu Baum.[\/vc_column_text][\/vc_column][\/vc_row][vc_row][vc_column width=&#8220;1\/2&#8243;][vc_column_text css_animation=&#8220;appear&#8220;]\n<h3>Loboc River Bootsfahrt und schwimmendes Restaurant<\/h3>\n<p>Machen Sie eine Flussfahrt auf einem <strong><span style=\"color: #000080;\">schwimmenden Restaurant<\/span><\/strong> und g\u00f6nnen Sie sich etwas Entspannung, geniessen Sie dabei ein <strong><span style=\"color: #000080;\">hervorragendes Mittagessen<\/span><\/strong> bei traditioneller, <strong><span style=\"color: #000080;\">lokaler Musik<\/span><\/strong>. Die <strong><span style=\"color: #000080;\">kleine Restaurants<\/span> <\/strong>befinden sich auf einer Plattform die zwischen zwei Boote gebaut ist.[\/vc_column_text][\/vc_column][vc_column width=&#8220;1\/2&#8243;][vc_single_image image=&#8220;742&#8243; alignment=&#8220;center&#8220; border_color=&#8220;grey&#8220; img_link_large=&#8220;&#8220; img_link_target=&#8220;_self&#8220; css_animation=&#8220;appear&#8220; img_size=&#8220;medium&#8220;][\/vc_column][\/vc_row][vc_row][vc_column width=&#8220;1\/2&#8243;][vc_single_image image=&#8220;784&#8243; alignment=&#8220;center&#8220; border_color=&#8220;grey&#8220; img_link_large=&#8220;&#8220; img_link_target=&#8220;_self&#8220; css_animation=&#8220;appear&#8220; img_size=&#8220;medium&#8220;][\/vc_column][vc_column width=&#8220;1\/2&#8243;][vc_column_text css_animation=&#8220;appear&#8220;]\n<h3>Simply Butterfly Conservation Center<\/h3>\n<p><strong><span style=\"color: #000080;\">Simply Butterflies<\/span><\/strong> wurde gegr\u00fcndet um durch Pflanzenforschung, Z\u00fcchten und Freilassen die nat\u00fcrliche <strong><span style=\"color: #000080;\">Umgebung von Schmetterlingen zu sch\u00fctzen<\/span><\/strong>. Sie werden hunderte von <strong><span style=\"color: #000080;\">exotischen, wundersch\u00f6nen Schmetterlingen<\/span><\/strong> beobachten k\u00f6nnen die durch die tropische Pflanzenwelt fliegen.<br \/>\nPhilippinos haben lange <strong><span style=\"color: #000080;\">geglaubt<\/span><\/strong> dass Schmetterlinge Menschen <strong><span style=\"color: #000080;\">verletzen<\/span><\/strong> und sogar t\u00f6ten k\u00f6nnen. Durch eine<strong><span style=\"color: #000080;\"> gezielte Bildung und Ausbildung der Leute<\/span><\/strong> wie man Schmetterlinge z\u00fcchten kann, konnte das Center eine Gemeinschaft von bezahlten, <strong><span style=\"color: #000080;\">professionellen Z\u00fcchtern<\/span><\/strong> aufbauen in einer Gegend, wo kaum Arbeitsstellen zu finden sind und das <strong><span style=\"color: #000080;\">Einkommen sehr gering<\/span><\/strong> ist.[\/vc_column_text][\/vc_column][\/vc_row][vc_row][vc_column width=&#8220;1\/2&#8243;][vc_column_text css_animation=&#8220;appear&#8220;]\n<h3>Wald bei Bilar<\/h3>\n<p>Der <strong><span style=\"color: #000080;\">von handgepflanzte Wald bei Bilar<\/span><\/strong> war Teil eines gr\u00f6sseren <strong><span style=\"color: #000080;\">Wiederaufforstungs-Projekt<\/span><\/strong> das wegen der alarmierend schnellen <strong><span style=\"color: #000080;\">Abholzung des Regenwaldes<\/span><\/strong> ins Leben gerufen wurde. Die Abholzung kam zustande durch die <strong><span style=\"color: #000080;\">Brandrodung<\/span><\/strong>, genannt <strong><span style=\"color: #000080;\">kaingin<\/span><\/strong>, durch die lokale Bev\u00f6lkerung die w\u00e4hrend des <strong><span style=\"color: #000080;\">2. Weltkrieges<\/span><\/strong> in der stark bewaldeten Gegend Schutz gesucht haben.<br \/>\n<strong><span style=\"color: #000080;\">Der Plan f\u00fcr die Wiederaufforstung<\/span><\/strong> ist w\u00e4hrend der Amtszeit von <strong><span style=\"color: #000080;\">Gouverneur Conrado Marapao<\/span><\/strong> in 1947 entstanden, wurde im Dezember 1953 durch das \u201e<strong><span style=\"color: #000080;\">Loboc Watershed Reforestation Project (LWRP)<\/span><\/strong>\u201c ersetzt und besteht aus <strong><span style=\"color: #000080;\">19.410 Hektaren<\/span><\/strong> Land in den D\u00f6rfern Lila, Loboc, Sevilla, Batuan, Carmen, Sagbayan, Catigbian, Balilihan, Sierra Bullones, Calencia, Garcia-Hernandez, Jagna und Bilar.<br \/>\n<strong><span style=\"color: #000080;\">Der handgepflanzte Wald bei Bilar<\/span><\/strong>, der sich \u00fcber <strong><span style=\"color: #000080;\">zwei Kilometer<\/span><\/strong> entlang der Grenze zwischen den D\u00f6rfern Loboc und Bilar erstreckt, ist Heimat unz\u00e4hliger <strong><span style=\"color: #000080;\">roter und weisser Mahagony B\u00e4umen<\/span><\/strong>.[\/vc_column_text][\/vc_column][vc_column width=&#8220;1\/2&#8243;][vc_empty_space height=&#8220;80px&#8220;][vc_single_image image=&#8220;786&#8243; alignment=&#8220;center&#8220; border_color=&#8220;grey&#8220; img_link_large=&#8220;&#8220; img_link_target=&#8220;_self&#8220; css_animation=&#8220;appear&#8220; img_size=&#8220;medium&#8220;][\/vc_column][\/vc_row][vc_row][vc_column width=&#8220;2\/3&#8243;][vc_column_text]<strong><span style=\"color: #000080;\">Preis: \u20ac 90.00<\/span><\/strong>[\/vc_column_text][\/vc_column][vc_column width=&#8220;1\/3&#8243;][\/vc_column][\/vc_row][vc_row][vc_column width=&#8220;2\/3&#8243;][vc_column_text css_animation=&#8220;appear&#8220;]<em>Alle Touren sind inklusive Fahrzeug und Guide, maximale Anzahl per Fahrzeug sind vier Personen.<br \/>\nEintrittsgeb\u00fchren, Trinkgelder und Mittagessen sind nicht inbegriffen, ein Imbiss kann auf Anfrage vorbereitet werden.<br \/>\n<\/em>[\/vc_column_text][\/vc_column][vc_column width=&#8220;1\/3&#8243;][vc_single_image image=&#8220;621&#8243; border_color=&#8220;grey&#8220; img_link_large=&#8220;&#8220; img_link_target=&#8220;_self&#8220; css_animation=&#8220;appear&#8220; img_size=&#8220;58&#215;26&#8243;][\/vc_column][\/vc_row]\n<\/div>","protected":false},"excerpt":{"rendered":"<p>[vc_row][vc_column width=&#8220;1\/1&#8243;][\/vc_column][\/vc_row][vc_row][vc_column width=&#8220;1\/1&#8243;][vc_column_text css_animation=&#8220;appear&#8220;]W\u00e4hrend der Bohol Tarsier Tour besuchen Sie historische Sehensw\u00fcrdigkeiten wie den Blood Compact Shrine, treffen die s\u00fcssen Tarsier, bewundern die weltbekannten Chocolate Hills, entspannen bei einer Bootsfahrt auf dem Loboc River und besuchen das Simply Butterfly Conservation Center und vieles mehr![\/vc_column_text][\/vc_column][\/vc_row][vc_row][vc_column width=&#8220;1\/2&#8243;][vc_column_text css_animation=&#8220;appear&#8220;] Blood<\/p>\n","protected":false},"author":1,"featured_media":0,"parent":0,"menu_order":0,"comment_status":"closed","ping_status":"closed","template":"","meta":{"footnotes":""},"class_list":["post-1075","page","type-page","status-publish","hentry"],"yoast_head":"<!-- This site is optimized with the Yoast SEO plugin v27.4 - https:\/\/yoast.com\/product\/yoast-seo-wordpress\/ -->\n<title>Bohol Tarsier Tour - Blue Star Dive &amp; Resort<\/title>\n<meta name=\"description\" content=\"W\u00e4hrend der Bohol Tarsier Tour besuchen Sie historische Sehensw\u00fcrdigkeiten wie den Blood Compact Shrine, treffen die s\u00fcssen Tarsier, bewundern die weltbekan\" \/>\n<meta name=\"robots\" content=\"index, follow, max-snippet:-1, max-image-preview:large, max-video-preview:-1\" \/>\n<link rel=\"canonical\" href=\"https:\/\/bluestardive.com\/activities\/land-tours\/bohol-tour-package\/\" \/>\n<meta property=\"og:locale\" content=\"de_DE\" \/>\n<meta property=\"og:type\" content=\"article\" \/>\n<meta property=\"og:title\" content=\"Bohol Tarsier Tour - Blue Star Dive &amp; Resort\" \/>\n<meta property=\"og:description\" content=\"W\u00e4hrend der Bohol Tarsier Tour besuchen Sie historische Sehensw\u00fcrdigkeiten wie den Blood Compact Shrine, treffen die s\u00fcssen Tarsier, bewundern die weltbekan\" \/>\n<meta property=\"og:url\" content=\"https:\/\/bluestardive.com\/activities\/land-tours\/bohol-tour-package\/\" \/>\n<meta property=\"og:site_name\" content=\"Blue Star Dive &amp; Resort\" \/>\n<meta property=\"article:publisher\" content=\"https:\/\/www.facebook.com\/BlueStarDiveAndResort\" \/>\n<meta property=\"article:modified_time\" content=\"2015-06-22T08:21:40+00:00\" \/>\n<meta name=\"twitter:card\" content=\"summary_large_image\" \/>\n<meta name=\"twitter:site\" content=\"@BlueStarResort\" \/>\n<meta name=\"twitter:label1\" content=\"Gesch\u00e4tzte Lesezeit\" \/>\n\t<meta name=\"twitter:data1\" content=\"4\u00a0Minuten\" \/>\n<script type=\"application\/ld+json\" class=\"yoast-schema-graph\">{\"@context\":\"https:\\\/\\\/schema.org\",\"@graph\":[{\"@type\":\"WebPage\",\"@id\":\"https:\\\/\\\/bluestardive.com\\\/activities\\\/land-tours\\\/bohol-tour-package\\\/\",\"url\":\"https:\\\/\\\/bluestardive.com\\\/activities\\\/land-tours\\\/bohol-tour-package\\\/\",\"name\":\"Bohol Tarsier Tour - Blue Star Dive & Resort\",\"isPartOf\":{\"@id\":\"https:\\\/\\\/bluestardive.com\\\/#website\"},\"datePublished\":\"2015-06-09T07:57:13+00:00\",\"dateModified\":\"2015-06-22T08:21:40+00:00\",\"description\":\"W\u00e4hrend der Bohol Tarsier Tour besuchen Sie historische Sehensw\u00fcrdigkeiten wie den Blood Compact Shrine, treffen die s\u00fcssen Tarsier, bewundern die weltbekan\",\"breadcrumb\":{\"@id\":\"https:\\\/\\\/bluestardive.com\\\/activities\\\/land-tours\\\/bohol-tour-package\\\/#breadcrumb\"},\"inLanguage\":\"de\",\"potentialAction\":[{\"@type\":\"ReadAction\",\"target\":[\"https:\\\/\\\/bluestardive.com\\\/activities\\\/land-tours\\\/bohol-tour-package\\\/\"]}]},{\"@type\":\"BreadcrumbList\",\"@id\":\"https:\\\/\\\/bluestardive.com\\\/activities\\\/land-tours\\\/bohol-tour-package\\\/#breadcrumb\",\"itemListElement\":[{\"@type\":\"ListItem\",\"position\":1,\"name\":\"Start\",\"item\":\"https:\\\/\\\/bluestardive.com\\\/de\\\/\"},{\"@type\":\"ListItem\",\"position\":2,\"name\":\"Bohol Tarsier Tour\"}]},{\"@type\":\"WebSite\",\"@id\":\"https:\\\/\\\/bluestardive.com\\\/#website\",\"url\":\"https:\\\/\\\/bluestardive.com\\\/\",\"name\":\"Blue Star Dive &amp; Resort\",\"description\":\"\",\"potentialAction\":[{\"@type\":\"SearchAction\",\"target\":{\"@type\":\"EntryPoint\",\"urlTemplate\":\"https:\\\/\\\/bluestardive.com\\\/?s={search_term_string}\"},\"query-input\":{\"@type\":\"PropertyValueSpecification\",\"valueRequired\":true,\"valueName\":\"search_term_string\"}}],\"inLanguage\":\"de\"}]}<\/script>\n<!-- \/ Yoast SEO plugin. -->","yoast_head_json":{"title":"Bohol Tarsier Tour - Blue Star Dive & Resort","description":"W\u00e4hrend der Bohol Tarsier Tour besuchen Sie historische Sehensw\u00fcrdigkeiten wie den Blood Compact Shrine, treffen die s\u00fcssen Tarsier, bewundern die weltbekan","robots":{"index":"index","follow":"follow","max-snippet":"max-snippet:-1","max-image-preview":"max-image-preview:large","max-video-preview":"max-video-preview:-1"},"canonical":"https:\/\/bluestardive.com\/activities\/land-tours\/bohol-tour-package\/","og_locale":"de_DE","og_type":"article","og_title":"Bohol Tarsier Tour - Blue Star Dive & Resort","og_description":"W\u00e4hrend der Bohol Tarsier Tour besuchen Sie historische Sehensw\u00fcrdigkeiten wie den Blood Compact Shrine, treffen die s\u00fcssen Tarsier, bewundern die weltbekan","og_url":"https:\/\/bluestardive.com\/activities\/land-tours\/bohol-tour-package\/","og_site_name":"Blue Star Dive &amp; Resort","article_publisher":"https:\/\/www.facebook.com\/BlueStarDiveAndResort","article_modified_time":"2015-06-22T08:21:40+00:00","twitter_card":"summary_large_image","twitter_site":"@BlueStarResort","twitter_misc":{"Gesch\u00e4tzte Lesezeit":"4\u00a0Minuten"},"schema":{"@context":"https:\/\/schema.org","@graph":[{"@type":"WebPage","@id":"https:\/\/bluestardive.com\/activities\/land-tours\/bohol-tour-package\/","url":"https:\/\/bluestardive.com\/activities\/land-tours\/bohol-tour-package\/","name":"Bohol Tarsier Tour - Blue Star Dive & Resort","isPartOf":{"@id":"https:\/\/bluestardive.com\/#website"},"datePublished":"2015-06-09T07:57:13+00:00","dateModified":"2015-06-22T08:21:40+00:00","description":"W\u00e4hrend der Bohol Tarsier Tour besuchen Sie historische Sehensw\u00fcrdigkeiten wie den Blood Compact Shrine, treffen die s\u00fcssen Tarsier, bewundern die weltbekan","breadcrumb":{"@id":"https:\/\/bluestardive.com\/activities\/land-tours\/bohol-tour-package\/#breadcrumb"},"inLanguage":"de","potentialAction":[{"@type":"ReadAction","target":["https:\/\/bluestardive.com\/activities\/land-tours\/bohol-tour-package\/"]}]},{"@type":"BreadcrumbList","@id":"https:\/\/bluestardive.com\/activities\/land-tours\/bohol-tour-package\/#breadcrumb","itemListElement":[{"@type":"ListItem","position":1,"name":"Start","item":"https:\/\/bluestardive.com\/de\/"},{"@type":"ListItem","position":2,"name":"Bohol Tarsier Tour"}]},{"@type":"WebSite","@id":"https:\/\/bluestardive.com\/#website","url":"https:\/\/bluestardive.com\/","name":"Blue Star Dive &amp; Resort","description":"","potentialAction":[{"@type":"SearchAction","target":{"@type":"EntryPoint","urlTemplate":"https:\/\/bluestardive.com\/?s={search_term_string}"},"query-input":{"@type":"PropertyValueSpecification","valueRequired":true,"valueName":"search_term_string"}}],"inLanguage":"de"}]}},"jetpack_sharing_enabled":true,"jetpack_shortlink":"https:\/\/wp.me\/P6jqgs-hl","_links":{"self":[{"href":"https:\/\/bluestardive.com\/de\/wp-json\/wp\/v2\/pages\/1075","targetHints":{"allow":["GET"]}}],"collection":[{"href":"https:\/\/bluestardive.com\/de\/wp-json\/wp\/v2\/pages"}],"about":[{"href":"https:\/\/bluestardive.com\/de\/wp-json\/wp\/v2\/types\/page"}],"author":[{"embeddable":true,"href":"https:\/\/bluestardive.com\/de\/wp-json\/wp\/v2\/users\/1"}],"replies":[{"embeddable":true,"href":"https:\/\/bluestardive.com\/de\/wp-json\/wp\/v2\/comments?post=1075"}],"version-history":[{"count":4,"href":"https:\/\/bluestardive.com\/de\/wp-json\/wp\/v2\/pages\/1075\/revisions"}],"predecessor-version":[{"id":1080,"href":"https:\/\/bluestardive.com\/de\/wp-json\/wp\/v2\/pages\/1075\/revisions\/1080"}],"wp:attachment":[{"href":"https:\/\/bluestardive.com\/de\/wp-json\/wp\/v2\/media?parent=1075"}],"curies":[{"name":"wp","href":"https:\/\/api.w.org\/{rel}","templated":true}]}}